{"id":1307,"date":"2019-01-23T06:31:53","date_gmt":"2019-01-23T06:31:53","guid":{"rendered":"http:\/\/localhost:8888\/wordpress\/store\/"},"modified":"2023-11-14T23:37:14","modified_gmt":"2023-11-14T16:37:14","slug":"store","status":"publish","type":"page","link":"https:\/\/tavipo.vn\/en\/store\/","title":{"rendered":"Store"},"content":{"rendered":"<div data-elementor-type=\"wp-post\" data-elementor-id=\"1307\" class=\"elementor elementor-1307\">\n\t\t\t\t\t\t\t\t\t<section class=\"elementor-section elementor-top-section elementor-element elementor-element-f223d87 elementor-section-boxed elementor-section-height-default elementor-section-height-default\" data-id=\"f223d87\" data-element_type=\"section\">\n\t\t\t\t\t\t<div class=\"elementor-container elementor-column-gap-default\">\n\t\t\t\t\t<div class=\"elementor-column elementor-col-100 elementor-top-column elementor-element elementor-element-0cd2a14\" data-id=\"0cd2a14\" data-element_type=\"column\">\n\t\t\t<div class=\"elementor-widget-wrap elementor-element-populated\">\n\t\t\t\t\t\t\t\t\t<\/div>\n\t\t<\/div>\n\t\t\t\t\t\t\t<\/div>\n\t\t<\/section>\n\t\t\t\t<section class=\"elementor-section elementor-top-section elementor-element elementor-element-13f7810 elementor-section-boxed elementor-section-height-default elementor-section-height-default\" data-id=\"13f7810\" data-element_type=\"section\">\n\t\t\t\t\t\t<div class=\"elementor-container elementor-column-gap-no\">\n\t\t\t\t\t<div class=\"elementor-column elementor-col-100 elementor-top-column elementor-element elementor-element-240f590\" data-id=\"240f590\" data-element_type=\"column\">\n\t\t\t<div class=\"elementor-widget-wrap elementor-element-populated\">\n\t\t\t\t\t\t\t\t<div class=\"elementor-element elementor-element-ad8e6f3 elementor-widget elementor-widget-heading\" data-id=\"ad8e6f3\" data-element_type=\"widget\" data-widget_type=\"heading.default\">\n\t\t\t\t<div class=\"elementor-widget-container\">\n\t\t\t<style>\/*! elementor - v3.17.0 - 08-11-2023 *\/\n.elementor-heading-title{padding:0;margin:0;line-height:1}.elementor-widget-heading .elementor-heading-title[class*=elementor-size-]>a{color:inherit;font-size:inherit;line-height:inherit}.elementor-widget-heading .elementor-heading-title.elementor-size-small{font-size:15px}.elementor-widget-heading .elementor-heading-title.elementor-size-medium{font-size:19px}.elementor-widget-heading .elementor-heading-title.elementor-size-large{font-size:29px}.elementor-widget-heading .elementor-heading-title.elementor-size-xl{font-size:39px}.elementor-widget-heading .elementor-heading-title.elementor-size-xxl{font-size:59px}<\/style><h2 class=\"elementor-heading-title elementor-size-default\"><b>STORES<\/b><\/h2>\t\t<\/div>\n\t\t\t\t<\/div>\n\t\t\t\t<section class=\"elementor-section elementor-inner-section elementor-element elementor-element-964c923 elementor-section-boxed elementor-section-height-default elementor-section-height-default\" data-id=\"964c923\" data-element_type=\"section\">\n\t\t\t\t\t\t<div class=\"elementor-container elementor-column-gap-default\">\n\t\t\t\t\t<div class=\"elementor-column elementor-col-50 elementor-inner-column elementor-element elementor-element-13ca0e0\" data-id=\"13ca0e0\" data-element_type=\"column\">\n\t\t\t<div class=\"elementor-widget-wrap elementor-element-populated\">\n\t\t\t\t\t\t\t\t<div class=\"elementor-element elementor-element-c330944 custom-categories-list elementor-widget elementor-widget-wp-widget-woocommerce_product_categories\" data-id=\"c330944\" data-element_type=\"widget\" data-widget_type=\"wp-widget-woocommerce_product_categories.default\">\n\t\t\t\t<div class=\"elementor-widget-container\">\n\t\t\t<h5>PRODUCT CATEGORIES<\/h5><ul class=\"product-categories\"><li class=\"cat-item cat-item-25 cat-parent\"><a href=\"https:\/\/tavipo.vn\/en\/product-category\/nhom-chau-lan\/\">Orchid series<\/a><\/li>\n<li class=\"cat-item cat-item-32 cat-parent\"><a href=\"https:\/\/tavipo.vn\/en\/product-category\/nhom-chau-bach-hop\/\">Lily series<\/a><\/li>\n<li class=\"cat-item cat-item-36 cat-parent\"><a href=\"https:\/\/tavipo.vn\/en\/product-category\/nhom-chau-truyen-thong\/\">Traditional series<\/a><\/li>\n<li class=\"cat-item cat-item-40 cat-parent\"><a href=\"https:\/\/tavipo.vn\/en\/product-category\/nhom-chau-cat-tuong\/\">Lisianthus series<\/a><\/li>\n<li class=\"cat-item cat-item-100\"><a href=\"https:\/\/tavipo.vn\/en\/product-category\/khay-nhua-trong-rau\/\">Khay Nh\u1ef1a Tr\u1ed3ng Rau<\/a><\/li>\n<li class=\"cat-item cat-item-102\"><a href=\"https:\/\/tavipo.vn\/en\/product-category\/hang-rao-nhua\/\">Plastic fence<\/a><\/li>\n<li class=\"cat-item cat-item-96\"><a href=\"https:\/\/tavipo.vn\/en\/product-category\/nhom-moc-treo\/\">Hanger series<\/a><\/li>\n<\/ul>\t\t<\/div>\n\t\t\t\t<\/div>\n\t\t\t\t\t<\/div>\n\t\t<\/div>\n\t\t\t\t<div class=\"elementor-column elementor-col-50 elementor-inner-column elementor-element elementor-element-2bc4835\" data-id=\"2bc4835\" data-element_type=\"column\">\n\t\t\t<div class=\"elementor-widget-wrap elementor-element-populated\">\n\t\t\t\t\t\t\t\t<div class=\"elementor-element elementor-element-7c2cab7 elementor-widget elementor-widget-shortcode\" data-id=\"7c2cab7\" data-element_type=\"widget\" data-widget_type=\"shortcode.default\">\n\t\t\t\t<div class=\"elementor-widget-container\">\n\t\t\t\t\t<div class=\"elementor-shortcode\"><div class=\"woocommerce columns-3\"><ul class=\"products columns-3\">\n<li class=\"product type-product post-2235 status-publish first instock product_cat-chau-bach-hop product_cat-nhom-chau-bach-hop has-post-thumbnail shipping-taxable purchasable product-type-variable\">\n\t<\/li>\n<li class=\"product type-product post-2464 status-publish instock product_cat-chau-cat-tuong product_cat-nhom-chau-cat-tuong has-post-thumbnail shipping-taxable purchasable product-type-variable\">\n\t<\/li>\n<li class=\"product type-product post-2535 status-publish last instock product_cat-chau-cat-tuong-2-tang-do-canh product_cat-nhom-chau-cat-tuong has-post-thumbnail featured shipping-taxable purchasable product-type-variable\">\n\t<\/li>\n<li class=\"product type-product post-2557 status-publish first instock product_cat-chau-cat-tuong-2-tang-do-canh product_cat-nhom-chau-cat-tuong has-post-thumbnail featured shipping-taxable purchasable product-type-variable\">\n\t<\/li>\n<li class=\"product type-product post-2164 status-publish instock product_cat-chau-lan-dat product_cat-nhom-chau-lan has-post-thumbnail featured shipping-taxable purchasable product-type-variable\">\n\t<\/li>\n<li class=\"product type-product post-2027 status-publish last instock product_cat-chau-lan-go product_cat-nhom-chau-lan has-post-thumbnail shipping-taxable purchasable product-type-variable\">\n\t<\/li>\n<li class=\"product type-product post-2217 status-publish first instock product_cat-chau-lan-sen product_cat-nhom-chau-lan has-post-thumbnail shipping-taxable purchasable product-type-variable\">\n\t<\/li>\n<li class=\"product type-product post-2208 status-publish instock product_cat-chau-lan-tai-beo product_cat-nhom-chau-lan has-post-thumbnail shipping-taxable purchasable product-type-variable\">\n\t<\/li>\n<li class=\"product type-product post-2226 status-publish last instock product_cat-chau-lan-tre product_cat-nhom-chau-lan has-post-thumbnail shipping-taxable purchasable product-type-variable\">\n\t<\/li>\n<\/ul>\n<\/div><\/div>\n\t\t\t\t<\/div>\n\t\t\t\t<\/div>\n\t\t\t\t\t<\/div>\n\t\t<\/div>\n\t\t\t\t\t\t\t<\/div>\n\t\t<\/section>\n\t\t\t\t\t<\/div>\n\t\t<\/div>\n\t\t\t\t\t\t\t<\/div>\n\t\t<\/section>\n\t\t\t\t<section class=\"elementor-section elementor-top-section elementor-element elementor-element-66b15f8 elementor-section-full_width background-icons elementor-section-height-default elementor-section-height-default\" data-id=\"66b15f8\" data-element_type=\"section\" data-settings=\"{&quot;background_background&quot;:&quot;classic&quot;}\">\n\t\t\t\t\t\t<div class=\"elementor-container elementor-column-gap-no\">\n\t\t\t\t\t<div class=\"elementor-column elementor-col-100 elementor-top-column elementor-element elementor-element-e72c1f1\" data-id=\"e72c1f1\" data-element_type=\"column\">\n\t\t\t<div class=\"elementor-widget-wrap elementor-element-populated\">\n\t\t\t\t\t\t\t\t<section class=\"elementor-section elementor-inner-section elementor-element elementor-element-8c8ca5b elementor-section-boxed elementor-section-height-default elementor-section-height-default\" data-id=\"8c8ca5b\" data-element_type=\"section\">\n\t\t\t\t\t\t<div class=\"elementor-container elementor-column-gap-default\">\n\t\t\t\t\t<div class=\"elementor-column elementor-col-50 elementor-inner-column elementor-element elementor-element-133b5a5\" data-id=\"133b5a5\" data-element_type=\"column\">\n\t\t\t<div class=\"elementor-widget-wrap elementor-element-populated\">\n\t\t\t\t\t\t\t\t<div class=\"elementor-element elementor-element-8863e62 elementor-widget elementor-widget-heading\" data-id=\"8863e62\" data-element_type=\"widget\" data-widget_type=\"heading.default\">\n\t\t\t\t<div class=\"elementor-widget-container\">\n\t\t\t<h3 class=\"elementor-heading-title elementor-size-default\"><b>Contact us for a consultation <\/b><\/h3>\t\t<\/div>\n\t\t\t\t<\/div>\n\t\t\t\t<div class=\"elementor-element elementor-element-29610b6 elementor-widget elementor-widget-button\" data-id=\"29610b6\" data-element_type=\"widget\" data-widget_type=\"button.default\">\n\t\t\t\t<div class=\"elementor-widget-container\">\n\t\t\t\t\t<div class=\"elementor-button-wrapper\">\n\t\t\t<a class=\"elementor-button elementor-button-link elementor-size-sm\" href=\"#\">\n\t\t\t\t\t\t<span class=\"elementor-button-content-wrapper\">\n\t\t\t\t\t\t<span class=\"elementor-button-icon elementor-align-icon-left\">\n\t\t\t\t<i aria-hidden=\"true\" class=\"fas fa-phone\"><\/i>\t\t\t<\/span>\n\t\t\t\t\t\t<span class=\"elementor-button-text\">Ask For Help<\/span>\n\t\t<\/span>\n\t\t\t\t\t<\/a>\n\t\t<\/div>\n\t\t\t\t<\/div>\n\t\t\t\t<\/div>\n\t\t\t\t\t<\/div>\n\t\t<\/div>\n\t\t\t\t<div class=\"elementor-column elementor-col-50 elementor-inner-column elementor-element elementor-element-a985401\" data-id=\"a985401\" data-element_type=\"column\">\n\t\t\t<div class=\"elementor-widget-wrap elementor-element-populated\">\n\t\t\t\t\t\t\t\t<div class=\"elementor-element elementor-element-15d1af2 elementor-widget elementor-widget-text-editor\" data-id=\"15d1af2\" data-element_type=\"widget\" data-widget_type=\"text-editor.default\">\n\t\t\t\t<div class=\"elementor-widget-container\">\n\t\t\t<style>\/*! elementor - v3.17.0 - 08-11-2023 *\/\n.elementor-widget-text-editor.elementor-drop-cap-view-stacked .elementor-drop-cap{background-color:#69727d;color:#fff}.elementor-widget-text-editor.elementor-drop-cap-view-framed .elementor-drop-cap{color:#69727d;border:3px solid;background-color:transparent}.elementor-widget-text-editor:not(.elementor-drop-cap-view-default) .elementor-drop-cap{margin-top:8px}.elementor-widget-text-editor:not(.elementor-drop-cap-view-default) .elementor-drop-cap-letter{width:1em;height:1em}.elementor-widget-text-editor .elementor-drop-cap{float:left;text-align:center;line-height:1;font-size:50px}.elementor-widget-text-editor .elementor-drop-cap-letter{display:inline-block}<\/style>\t\t\t\t<p>Tavipo's products are well received by customers thanks to their elegant and beautiful designs and the products are manufactured according to strict standards, so they are durable. Therefore, Tavipo products are distributed by many agents in the provinces, specialized shops selling ornamental plants and on e-commerce sites.<\/p><p>To receive advice on products and places to buy, please contact the hotline Tavipo or zalo, facebook to determine the nearest dealer to you. In addition, if you want to become a distributor of Tavipo products, please contact us immediately for advice and receive the best preferential policy.<\/p>\t\t\t\t\t\t<\/div>\n\t\t\t\t<\/div>\n\t\t\t\t\t<\/div>\n\t\t<\/div>\n\t\t\t\t\t\t\t<\/div>\n\t\t<\/section>\n\t\t\t\t\t<\/div>\n\t\t<\/div>\n\t\t\t\t\t\t\t<\/div>\n\t\t<\/section>\n\t\t\t\t\t\t\t<\/div>","protected":false},"excerpt":{"rendered":"<p>C\u1eecA H\u00c0NG Li\u00ean h\u1ec7 ch\u00fang t\u00f4i \u0111\u1ec3 \u0111\u01b0\u1ee3c t\u01b0 v\u1ea5n Ask For Help C\u00e1c s\u1ea3n ph\u1ea9m c\u1ee7a Tavipo \u0111\u01b0\u1ee3c kh\u00e1ch h\u00e0ng \u0111\u00f3n nh\u1eadn nh\u1edd thi\u1ebft k\u1ebf \u0111\u1eb9p m\u1eaft tinh t\u1ebf v\u00e0 s\u1ea3n ph\u1ea9m \u0111\u01b0\u1ee3c s\u1ea3n xu\u1ea5t theo ti\u00eau chu\u1ea9n kh\u1eaft khe n\u00ean c\u00f3 \u0111\u1ed9 b\u1ec1n cao. V\u00ec v\u1eady, s\u1ea3n ph\u1ea9m Tavipo \u0111\u01b0\u1ee3c ph\u00e2n ph\u1ed1i b\u1edfi &hellip;<\/p>\n<p class=\"read-more\"> <a class=\"\" href=\"https:\/\/tavipo.vn\/en\/store\/\"> <span class=\"screen-reader-text\">Store<\/span> Read More &raquo;<\/a><\/p>","protected":false},"author":1,"featured_media":0,"parent":0,"menu_order":0,"comment_status":"closed","ping_status":"closed","template":"","meta":{"om_disable_all_campaigns":false,"_monsterinsights_skip_tracking":false,"_monsterinsights_sitenote_active":false,"_monsterinsights_sitenote_note":"","_monsterinsights_sitenote_category":0,"_uf_show_specific_survey":0,"_uf_disable_surveys":false,"footnotes":""},"class_list":["post-1307","page","type-page","status-publish","hentry"],"aioseo_notices":[],"yoast_head":"<!-- This site is optimized with the Yoast SEO plugin v21.5 - https:\/\/yoast.com\/wordpress\/plugins\/seo\/ -->\n<title>Store - Tavipo<\/title>\n<meta name=\"robots\" content=\"index, follow, max-snippet:-1, max-image-preview:large, max-video-preview:-1\" \/>\n<link rel=\"canonical\" href=\"https:\/\/tavipo.vn\/en\/store\/\" \/>\n<meta property=\"og:locale\" content=\"en_US\" \/>\n<meta property=\"og:type\" content=\"article\" \/>\n<meta property=\"og:title\" content=\"Store - Tavipo\" \/>\n<meta property=\"og:description\" content=\"C\u1eecA H\u00c0NG Li\u00ean h\u1ec7 ch\u00fang t\u00f4i \u0111\u1ec3 \u0111\u01b0\u1ee3c t\u01b0 v\u1ea5n Ask For Help C\u00e1c s\u1ea3n ph\u1ea9m c\u1ee7a Tavipo \u0111\u01b0\u1ee3c kh\u00e1ch h\u00e0ng \u0111\u00f3n nh\u1eadn nh\u1edd thi\u1ebft k\u1ebf \u0111\u1eb9p m\u1eaft tinh t\u1ebf v\u00e0 s\u1ea3n ph\u1ea9m \u0111\u01b0\u1ee3c s\u1ea3n xu\u1ea5t theo ti\u00eau chu\u1ea9n kh\u1eaft khe n\u00ean c\u00f3 \u0111\u1ed9 b\u1ec1n cao. V\u00ec v\u1eady, s\u1ea3n ph\u1ea9m Tavipo \u0111\u01b0\u1ee3c ph\u00e2n ph\u1ed1i b\u1edfi &hellip; Store Read More &raquo;\" \/>\n<meta property=\"og:url\" content=\"https:\/\/tavipo.vn\/en\/store\/\" \/>\n<meta property=\"og:site_name\" content=\"Tavipo\" \/>\n<meta property=\"article:modified_time\" content=\"2023-11-14T16:37:14+00:00\" \/>\n<meta name=\"twitter:card\" content=\"summary_large_image\" \/>\n<meta name=\"twitter:label1\" content=\"Est. reading time\" \/>\n\t<meta name=\"twitter:data1\" content=\"4 minutes\" \/>\n<script type=\"application\/ld+json\" class=\"yoast-schema-graph\">{\"@context\":\"https:\/\/schema.org\",\"@graph\":[{\"@type\":\"WebPage\",\"@id\":\"https:\/\/tavipo.vn\/store\/\",\"url\":\"https:\/\/tavipo.vn\/store\/\",\"name\":\"Store - Tavipo\",\"isPartOf\":{\"@id\":\"https:\/\/tavipo.vn\/#website\"},\"datePublished\":\"2019-01-23T06:31:53+00:00\",\"dateModified\":\"2023-11-14T16:37:14+00:00\",\"breadcrumb\":{\"@id\":\"https:\/\/tavipo.vn\/store\/#breadcrumb\"},\"inLanguage\":\"en-US\",\"potentialAction\":[{\"@type\":\"ReadAction\",\"target\":[\"https:\/\/tavipo.vn\/store\/\"]}]},{\"@type\":\"BreadcrumbList\",\"@id\":\"https:\/\/tavipo.vn\/store\/#breadcrumb\",\"itemListElement\":[{\"@type\":\"ListItem\",\"position\":1,\"name\":\"Home\",\"item\":\"https:\/\/tavipo.vn\/\"},{\"@type\":\"ListItem\",\"position\":2,\"name\":\"Store\"}]},{\"@type\":\"WebSite\",\"@id\":\"https:\/\/tavipo.vn\/#website\",\"url\":\"https:\/\/tavipo.vn\/\",\"name\":\"Tavipo\",\"description\":\"M\u1ed9t trang web m\u1edbi s\u1eed d\u1ee5ng WordPress\",\"publisher\":{\"@id\":\"https:\/\/tavipo.vn\/#organization\"},\"potentialAction\":[{\"@type\":\"SearchAction\",\"target\":{\"@type\":\"EntryPoint\",\"urlTemplate\":\"https:\/\/tavipo.vn\/?s={search_term_string}\"},\"query-input\":\"required name=search_term_string\"}],\"inLanguage\":\"en-US\"},{\"@type\":\"Organization\",\"@id\":\"https:\/\/tavipo.vn\/#organization\",\"name\":\"Tavipo\",\"url\":\"https:\/\/tavipo.vn\/\",\"logo\":{\"@type\":\"ImageObject\",\"inLanguage\":\"en-US\",\"@id\":\"https:\/\/tavipo.vn\/#\/schema\/logo\/image\/\",\"url\":\"https:\/\/tavipo.vn\/wp-content\/uploads\/2021\/10\/cropped-logo_co_gan_khong_slogan-e1636260740882.png\",\"contentUrl\":\"https:\/\/tavipo.vn\/wp-content\/uploads\/2021\/10\/cropped-logo_co_gan_khong_slogan-e1636260740882.png\",\"width\":261,\"height\":77,\"caption\":\"Tavipo\"},\"image\":{\"@id\":\"https:\/\/tavipo.vn\/#\/schema\/logo\/image\/\"}}]}<\/script>\n<!-- \/ Yoast SEO plugin. -->","yoast_head_json":{"title":"Store - Tavipo","robots":{"index":"index","follow":"follow","max-snippet":"max-snippet:-1","max-image-preview":"max-image-preview:large","max-video-preview":"max-video-preview:-1"},"canonical":"https:\/\/tavipo.vn\/en\/store\/","og_locale":"en_US","og_type":"article","og_title":"Store - Tavipo","og_description":"C\u1eecA H\u00c0NG Li\u00ean h\u1ec7 ch\u00fang t\u00f4i \u0111\u1ec3 \u0111\u01b0\u1ee3c t\u01b0 v\u1ea5n Ask For Help C\u00e1c s\u1ea3n ph\u1ea9m c\u1ee7a Tavipo \u0111\u01b0\u1ee3c kh\u00e1ch h\u00e0ng \u0111\u00f3n nh\u1eadn nh\u1edd thi\u1ebft k\u1ebf \u0111\u1eb9p m\u1eaft tinh t\u1ebf v\u00e0 s\u1ea3n ph\u1ea9m \u0111\u01b0\u1ee3c s\u1ea3n xu\u1ea5t theo ti\u00eau chu\u1ea9n kh\u1eaft khe n\u00ean c\u00f3 \u0111\u1ed9 b\u1ec1n cao. V\u00ec v\u1eady, s\u1ea3n ph\u1ea9m Tavipo \u0111\u01b0\u1ee3c ph\u00e2n ph\u1ed1i b\u1edfi &hellip; Store Read More &raquo;","og_url":"https:\/\/tavipo.vn\/en\/store\/","og_site_name":"Tavipo","article_modified_time":"2023-11-14T16:37:14+00:00","twitter_card":"summary_large_image","twitter_misc":{"Est. reading time":"4 minutes"},"schema":{"@context":"https:\/\/schema.org","@graph":[{"@type":"WebPage","@id":"https:\/\/tavipo.vn\/store\/","url":"https:\/\/tavipo.vn\/store\/","name":"Store - Tavipo","isPartOf":{"@id":"https:\/\/tavipo.vn\/#website"},"datePublished":"2019-01-23T06:31:53+00:00","dateModified":"2023-11-14T16:37:14+00:00","breadcrumb":{"@id":"https:\/\/tavipo.vn\/store\/#breadcrumb"},"inLanguage":"en-US","potentialAction":[{"@type":"ReadAction","target":["https:\/\/tavipo.vn\/store\/"]}]},{"@type":"BreadcrumbList","@id":"https:\/\/tavipo.vn\/store\/#breadcrumb","itemListElement":[{"@type":"ListItem","position":1,"name":"Home","item":"https:\/\/tavipo.vn\/"},{"@type":"ListItem","position":2,"name":"Store"}]},{"@type":"WebSite","@id":"https:\/\/tavipo.vn\/#website","url":"https:\/\/tavipo.vn\/","name":"Tavipo","description":"M\u1ed9t trang web m\u1edbi s\u1eed d\u1ee5ng WordPress","publisher":{"@id":"https:\/\/tavipo.vn\/#organization"},"potentialAction":[{"@type":"SearchAction","target":{"@type":"EntryPoint","urlTemplate":"https:\/\/tavipo.vn\/?s={search_term_string}"},"query-input":"required name=search_term_string"}],"inLanguage":"en-US"},{"@type":"Organization","@id":"https:\/\/tavipo.vn\/#organization","name":"Tavipo","url":"https:\/\/tavipo.vn\/","logo":{"@type":"ImageObject","inLanguage":"en-US","@id":"https:\/\/tavipo.vn\/#\/schema\/logo\/image\/","url":"https:\/\/tavipo.vn\/wp-content\/uploads\/2021\/10\/cropped-logo_co_gan_khong_slogan-e1636260740882.png","contentUrl":"https:\/\/tavipo.vn\/wp-content\/uploads\/2021\/10\/cropped-logo_co_gan_khong_slogan-e1636260740882.png","width":261,"height":77,"caption":"Tavipo"},"image":{"@id":"https:\/\/tavipo.vn\/#\/schema\/logo\/image\/"}}]}},"_links":{"self":[{"href":"https:\/\/tavipo.vn\/en\/wp-json\/wp\/v2\/pages\/1307","targetHints":{"allow":["GET"]}}],"collection":[{"href":"https:\/\/tavipo.vn\/en\/wp-json\/wp\/v2\/pages"}],"about":[{"href":"https:\/\/tavipo.vn\/en\/wp-json\/wp\/v2\/types\/page"}],"author":[{"embeddable":true,"href":"https:\/\/tavipo.vn\/en\/wp-json\/wp\/v2\/users\/1"}],"replies":[{"embeddable":true,"href":"https:\/\/tavipo.vn\/en\/wp-json\/wp\/v2\/comments?post=1307"}],"version-history":[{"count":33,"href":"https:\/\/tavipo.vn\/en\/wp-json\/wp\/v2\/pages\/1307\/revisions"}],"predecessor-version":[{"id":3512,"href":"https:\/\/tavipo.vn\/en\/wp-json\/wp\/v2\/pages\/1307\/revisions\/3512"}],"wp:attachment":[{"href":"https:\/\/tavipo.vn\/en\/wp-json\/wp\/v2\/media?parent=1307"}],"curies":[{"name":"wp","href":"https:\/\/api.w.org\/{rel}","templated":true}]}}