{"id":1749,"date":"2021-07-24T18:29:17","date_gmt":"2021-07-24T11:29:17","guid":{"rendered":"http:\/\/192.168.1.122:8888\/wordpress\/?page_id=1749"},"modified":"2023-11-27T10:15:10","modified_gmt":"2023-11-27T03:15:10","slug":"phan-phoi","status":"publish","type":"page","link":"https:\/\/tavipo.vn\/en\/phan-phoi\/","title":{"rendered":"Distribution"},"content":{"rendered":"<div data-elementor-type=\"wp-page\" data-elementor-id=\"1749\" class=\"elementor elementor-1749\">\n\t\t\t\t\t\t\t\t\t<section class=\"elementor-section elementor-top-section elementor-element elementor-element-cde96dc elementor-section-boxed elementor-section-height-default elementor-section-height-default\" data-id=\"cde96dc\" data-element_type=\"section\">\n\t\t\t\t\t\t<div class=\"elementor-container elementor-column-gap-default\">\n\t\t\t\t\t<div class=\"elementor-column elementor-col-100 elementor-top-column elementor-element elementor-element-8e7d3df\" data-id=\"8e7d3df\" data-element_type=\"column\">\n\t\t\t<div class=\"elementor-widget-wrap elementor-element-populated\">\n\t\t\t\t\t\t\t\t<div class=\"elementor-element elementor-element-8279172 elementor-widget elementor-widget-spacer\" data-id=\"8279172\" data-element_type=\"widget\" data-widget_type=\"spacer.default\">\n\t\t\t\t<div class=\"elementor-widget-container\">\n\t\t\t<style>\/*! elementor - v3.17.0 - 08-11-2023 *\/\n.elementor-column .elementor-spacer-inner{height:var(--spacer-size)}.e-con{--container-widget-width:100%}.e-con-inner>.elementor-widget-spacer,.e-con>.elementor-widget-spacer{width:var(--container-widget-width,var(--spacer-size));--align-self:var(--container-widget-align-self,initial);--flex-shrink:0}.e-con-inner>.elementor-widget-spacer>.elementor-widget-container,.e-con>.elementor-widget-spacer>.elementor-widget-container{height:100%;width:100%}.e-con-inner>.elementor-widget-spacer>.elementor-widget-container>.elementor-spacer,.e-con>.elementor-widget-spacer>.elementor-widget-container>.elementor-spacer{height:100%}.e-con-inner>.elementor-widget-spacer>.elementor-widget-container>.elementor-spacer>.elementor-spacer-inner,.e-con>.elementor-widget-spacer>.elementor-widget-container>.elementor-spacer>.elementor-spacer-inner{height:var(--container-widget-height,var(--spacer-size))}.e-con-inner>.elementor-widget-spacer.elementor-widget-empty,.e-con>.elementor-widget-spacer.elementor-widget-empty{position:relative;min-height:22px;min-width:22px}.e-con-inner>.elementor-widget-spacer.elementor-widget-empty .elementor-widget-empty-icon,.e-con>.elementor-widget-spacer.elementor-widget-empty .elementor-widget-empty-icon{position:absolute;top:0;bottom:0;left:0;right:0;margin:auto;padding:0;width:22px;height:22px}<\/style>\t\t<div class=\"elementor-spacer\">\n\t\t\t<div class=\"elementor-spacer-inner\"><\/div>\n\t\t<\/div>\n\t\t\t\t<\/div>\n\t\t\t\t<\/div>\n\t\t\t\t\t<\/div>\n\t\t<\/div>\n\t\t\t\t\t\t\t<\/div>\n\t\t<\/section>\n\t\t\t\t<section class=\"elementor-section elementor-top-section elementor-element elementor-element-e34e725 elementor-section-boxed elementor-section-height-default elementor-section-height-default\" data-id=\"e34e725\" data-element_type=\"section\">\n\t\t\t\t\t\t<div class=\"elementor-container elementor-column-gap-default\">\n\t\t\t\t\t<div class=\"elementor-column elementor-col-100 elementor-top-column elementor-element elementor-element-049a5e8\" data-id=\"049a5e8\" data-element_type=\"column\">\n\t\t\t<div class=\"elementor-widget-wrap elementor-element-populated\">\n\t\t\t\t\t\t\t\t<div class=\"elementor-element elementor-element-373611a elementor-widget elementor-widget-heading\" data-id=\"373611a\" data-element_type=\"widget\" data-widget_type=\"heading.default\">\n\t\t\t\t<div class=\"elementor-widget-container\">\n\t\t\t<style>\/*! elementor - v3.17.0 - 08-11-2023 *\/\n.elementor-heading-title{padding:0;margin:0;line-height:1}.elementor-widget-heading .elementor-heading-title[class*=elementor-size-]>a{color:inherit;font-size:inherit;line-height:inherit}.elementor-widget-heading .elementor-heading-title.elementor-size-small{font-size:15px}.elementor-widget-heading .elementor-heading-title.elementor-size-medium{font-size:19px}.elementor-widget-heading .elementor-heading-title.elementor-size-large{font-size:29px}.elementor-widget-heading .elementor-heading-title.elementor-size-xl{font-size:39px}.elementor-widget-heading .elementor-heading-title.elementor-size-xxl{font-size:59px}<\/style><h2 class=\"elementor-heading-title elementor-size-default\"><b>DISTRIBUTION<\/b><\/h2>\t\t<\/div>\n\t\t\t\t<\/div>\n\t\t\t\t<div class=\"elementor-element elementor-element-bdd908e elementor-widget elementor-widget-text-editor\" data-id=\"bdd908e\" data-element_type=\"widget\" data-widget_type=\"text-editor.default\">\n\t\t\t\t<div class=\"elementor-widget-container\">\n\t\t\t<style>\/*! elementor - v3.17.0 - 08-11-2023 *\/\n.elementor-widget-text-editor.elementor-drop-cap-view-stacked .elementor-drop-cap{background-color:#69727d;color:#fff}.elementor-widget-text-editor.elementor-drop-cap-view-framed .elementor-drop-cap{color:#69727d;border:3px solid;background-color:transparent}.elementor-widget-text-editor:not(.elementor-drop-cap-view-default) .elementor-drop-cap{margin-top:8px}.elementor-widget-text-editor:not(.elementor-drop-cap-view-default) .elementor-drop-cap-letter{width:1em;height:1em}.elementor-widget-text-editor .elementor-drop-cap{float:left;text-align:center;line-height:1;font-size:50px}.elementor-widget-text-editor .elementor-drop-cap-letter{display:inline-block}<\/style>\t\t\t\t<p>The company has a large distribution system with a nationwide networking dealers.<\/p>\n<p>Tavipo's products are well received by customers thanks to their elegant and beautiful designs and the products are manufactured according to strict standards, so they are durable. Therefore, Tavipo products are distributed by many agents in the provinces, specialized shops selling ornamental plants and on e-commerce sites.<\/p>\n<p>To receive advice on products and places to buy, please contact the hotline Tavipo or zalo, facebook to determine the nearest dealer to you. In addition, if you want to become a distributor of Tavipo products, please contact us immediately for advice and receive the best preferential policy.<\/p>\n<p>Contact information:<\/p>\n<p>&#8211; Email: info@tavipo.vn<\/p>\n<p>&#8211; Hotline\/zalo: 088 896 65 38<\/p>\n<p>- Mr. Tr\u1ea7n Ph\u01b0\u1edbc T\u00e2m \u2013 Vice Director of Sales: 0918 278 146<\/p>\t\t\t\t\t\t<\/div>\n\t\t\t\t<\/div>\n\t\t\t\t<div class=\"elementor-element elementor-element-46f0f92 elementor-widget elementor-widget-spacer\" data-id=\"46f0f92\" data-element_type=\"widget\" data-widget_type=\"spacer.default\">\n\t\t\t\t<div class=\"elementor-widget-container\">\n\t\t\t\t\t<div class=\"elementor-spacer\">\n\t\t\t<div class=\"elementor-spacer-inner\"><\/div>\n\t\t<\/div>\n\t\t\t\t<\/div>\n\t\t\t\t<\/div>\n\t\t\t\t\t<\/div>\n\t\t<\/div>\n\t\t\t\t\t\t\t<\/div>\n\t\t<\/section>\n\t\t\t\t<section class=\"elementor-section elementor-top-section elementor-element elementor-element-8924fd8 elementor-section-content-middle elementor-section-boxed elementor-section-height-default elementor-section-height-default\" data-id=\"8924fd8\" data-element_type=\"section\">\n\t\t\t\t\t\t<div class=\"elementor-container elementor-column-gap-default\">\n\t\t\t\t\t<div class=\"elementor-column elementor-col-100 elementor-top-column elementor-element elementor-element-c55523b\" data-id=\"c55523b\" data-element_type=\"column\">\n\t\t\t<div class=\"elementor-widget-wrap elementor-element-populated\">\n\t\t\t\t\t\t\t\t<div class=\"elementor-element elementor-element-2629c26 elementor-widget elementor-widget-html\" data-id=\"2629c26\" data-element_type=\"widget\" data-widget_type=\"html.default\">\n\t\t\t\t<div class=\"elementor-widget-container\">\n\t\t\t<div class=\"services-container\">\r\n    <img decoding=\"async\" src=\"http:\/\/tavipo.vn\/\/\/wp-content\/uploads\/2021\/08\/service-dis-map.png\" alt=\"D\u1ecbch v\u1ee5 ph\u00e2n ph\u1ed1i\"\r\n        class=\"img-responsive\">\r\n    <ul class=\"services-list\">\r\n        <li class=\"number-left\" data-color=\"blue\">\r\n            <div class=\"wrapper\">\r\n                <div class=\"number-box\">\r\n                    <div class=\"number-content\">\r\n                        <div class=\"h5\">More than<\/div>\r\n                        <div class=\"h1 js-text-fill\">\r\n                            <span style=\"font-size: 70px; white-space: nowrap;\">60<\/span>\r\n                        <\/div>\r\n                    <\/div>\r\n                <\/div>\r\n                <div class=\"content-box\">\r\n                    <div class=\"title\">DISTRIBUTORS<\/div>\r\n                    <div class=\"description\">\r\n                        we own strong distribution network.\r\n                    <\/div>\r\n                    <div class=\"icon\">\r\n                        <img loading=\"lazy\" decoding=\"async\" src=\"https:\/\/www.daidongtien.com.vn\/uploads\/1\/page-templates\/service-distribution\/service-dis-60.png\"\r\n                            alt=\"\" class=\"img-responsive\" width=\"35\" height=\"35\">\r\n                    <\/div>\r\n                <\/div>\r\n            <\/div>\r\n        <\/li>\r\n        <li class=\"number-right\" data-color=\"orange\">\r\n            <div class=\"wrapper\">\r\n                <div class=\"number-box\">\r\n                    <div class=\"number-content\">\r\n                        <div class=\"h5\">More than<\/div>\r\n                        <div class=\"h1 js-text-fill\">\r\n                            <span style=\"font-size: 70px; white-space: nowrap;\">10<\/span>\r\n                        <\/div>\r\n                    <\/div>\r\n                <\/div>\r\n                <div class=\"content-box\">\r\n                    <div class=\"title\">SUPERMARKET CHAINS<\/div>\r\n                    <div class=\"description\">\r\n                        Coopmart, Big C, Maximart, Metro, Vinmart, Lotte, Aeon,..\r\n                    <\/div>\r\n                    <div class=\"icon\">\r\n                        <img loading=\"lazy\" decoding=\"async\" src=\"https:\/\/www.daidongtien.com.vn\/uploads\/1\/page-templates\/service-distribution\/service-dis-10.png\"\r\n                            alt=\"\" class=\"img-responsive\" width=\"35\" height=\"35\">\r\n                    <\/div>\r\n                <\/div>\r\n            <\/div>\r\n        <\/li>\r\n        <li class=\"number-left\" data-color=\"green\">\r\n            <div class=\"wrapper\">\r\n                <div class=\"number-box\">\r\n                    <div class=\"number-content\">\r\n                        <div class=\"h5\">More than<\/div>\r\n                        <div class=\"h1 js-text-fill\">\r\n                            <span style=\"font-size: 38px; white-space: nowrap;\">3,000<\/span>\r\n                        <\/div>\r\n                    <\/div>\r\n                <\/div>\r\n                <div class=\"content-box\">\r\n                    <div class=\"title\">STORES<\/div>\r\n                    <div class=\"description\">\r\n                        Reseller- Retail store systems across the country and have professional sale teams\r\n                    <\/div>\r\n                    <div class=\"icon\">\r\n                        <img loading=\"lazy\" decoding=\"async\" src=\"https:\/\/www.daidongtien.com.vn\/uploads\/1\/page-templates\/service-distribution\/service-dis-3000.png\"\r\n                            alt=\"\" class=\"img-responsive\" width=\"35\" height=\"35\">\r\n                    <\/div>\r\n                <\/div>\r\n            <\/div>\r\n        <\/li>\r\n        <li class=\"number-right\" data-color=\"purple\">\r\n            <div class=\"wrapper\">\r\n                <div class=\"number-box\">\r\n                    <div class=\"number-content\">\r\n                        <div class=\"h5\">More than<\/div>\r\n                        <div class=\"h1 js-text-fill\">\r\n                            <span style=\"font-size: 70px; white-space: nowrap;\">63<\/span>\r\n                        <\/div>\r\n                    <\/div>\r\n                <\/div>\r\n                <div class=\"content-box\">\r\n                    <div class=\"title\">PROVINCES IN VIETNAM<\/div>\r\n                    <div class=\"description\">\r\n                        Our products are presented in all provinces.\r\n                    <\/div>\r\n                    <div class=\"icon\">\r\n                        <img loading=\"lazy\" decoding=\"async\" src=\"https:\/\/www.daidongtien.com.vn\/uploads\/1\/page-templates\/service-distribution\/service-dis-30.png\"\r\n                            alt=\"\" class=\"img-responsive\" width=\"35\" height=\"35\">\r\n                    <\/div>\r\n                <\/div>\r\n            <\/div>\r\n        <\/li>\r\n    <\/ul>\r\n<\/div>\t\t<\/div>\n\t\t\t\t<\/div>\n\t\t\t\t\t<\/div>\n\t\t<\/div>\n\t\t\t\t\t\t\t<\/div>\n\t\t<\/section>\n\t\t\t\t<section class=\"elementor-section elementor-top-section elementor-element elementor-element-375e4b3 elementor-section-boxed elementor-section-height-default elementor-section-height-default\" data-id=\"375e4b3\" data-element_type=\"section\">\n\t\t\t\t\t\t<div class=\"elementor-container elementor-column-gap-default\">\n\t\t\t\t\t<div class=\"elementor-column elementor-col-100 elementor-top-column elementor-element elementor-element-e006fb6\" data-id=\"e006fb6\" data-element_type=\"column\">\n\t\t\t<div class=\"elementor-widget-wrap elementor-element-populated\">\n\t\t\t\t\t\t\t\t<div class=\"elementor-element elementor-element-4ea23d3 elementor-widget elementor-widget-spacer\" data-id=\"4ea23d3\" data-element_type=\"widget\" data-widget_type=\"spacer.default\">\n\t\t\t\t<div class=\"elementor-widget-container\">\n\t\t\t\t\t<div class=\"elementor-spacer\">\n\t\t\t<div class=\"elementor-spacer-inner\"><\/div>\n\t\t<\/div>\n\t\t\t\t<\/div>\n\t\t\t\t<\/div>\n\t\t\t\t\t<\/div>\n\t\t<\/div>\n\t\t\t\t\t\t\t<\/div>\n\t\t<\/section>\n\t\t\t\t<section class=\"elementor-section elementor-top-section elementor-element elementor-element-6a347e4 elementor-section-boxed elementor-section-height-default elementor-section-height-default\" data-id=\"6a347e4\" data-element_type=\"section\">\n\t\t\t\t\t\t<div class=\"elementor-container elementor-column-gap-default\">\n\t\t\t\t\t<div class=\"elementor-column elementor-col-100 elementor-top-column elementor-element elementor-element-4a8df05\" data-id=\"4a8df05\" data-element_type=\"column\">\n\t\t\t<div class=\"elementor-widget-wrap elementor-element-populated\">\n\t\t\t\t\t\t\t\t<div class=\"elementor-element elementor-element-bd1d093 elementor-widget elementor-widget-spacer\" data-id=\"bd1d093\" data-element_type=\"widget\" data-widget_type=\"spacer.default\">\n\t\t\t\t<div class=\"elementor-widget-container\">\n\t\t\t\t\t<div class=\"elementor-spacer\">\n\t\t\t<div class=\"elementor-spacer-inner\"><\/div>\n\t\t<\/div>\n\t\t\t\t<\/div>\n\t\t\t\t<\/div>\n\t\t\t\t\t<\/div>\n\t\t<\/div>\n\t\t\t\t\t\t\t<\/div>\n\t\t<\/section>\n\t\t\t\t<section class=\"elementor-section elementor-top-section elementor-element elementor-element-ba2a957 elementor-section-full_width elementor-section-height-default elementor-section-height-default\" data-id=\"ba2a957\" data-element_type=\"section\" data-settings=\"{&quot;background_background&quot;:&quot;classic&quot;}\">\n\t\t\t\t\t\t\t<div class=\"elementor-background-overlay\"><\/div>\n\t\t\t\t\t\t\t<div class=\"elementor-container elementor-column-gap-no\">\n\t\t\t\t\t<div class=\"elementor-column elementor-col-100 elementor-top-column elementor-element elementor-element-8c38cdc\" data-id=\"8c38cdc\" data-element_type=\"column\">\n\t\t\t<div class=\"elementor-widget-wrap elementor-element-populated\">\n\t\t\t\t\t\t\t\t<div class=\"elementor-element elementor-element-985fbb5 elementor-widget elementor-widget-heading\" data-id=\"985fbb5\" data-element_type=\"widget\" data-widget_type=\"heading.default\">\n\t\t\t\t<div class=\"elementor-widget-container\">\n\t\t\t<h1 class=\"elementor-heading-title elementor-size-default\">GREEN SPACE<\/h1>\t\t<\/div>\n\t\t\t\t<\/div>\n\t\t\t\t<div class=\"elementor-element elementor-element-a6f652a elementor-align-center elementor-widget elementor-widget-button\" data-id=\"a6f652a\" data-element_type=\"widget\" data-widget_type=\"button.default\">\n\t\t\t\t<div class=\"elementor-widget-container\">\n\t\t\t\t\t<div class=\"elementor-button-wrapper\">\n\t\t\t<a class=\"elementor-button elementor-button-link elementor-size-sm\" href=\"#\">\n\t\t\t\t\t\t<span class=\"elementor-button-content-wrapper\">\n\t\t\t\t\t\t<span class=\"elementor-button-text\">Go To SHOP<\/span>\n\t\t<\/span>\n\t\t\t\t\t<\/a>\n\t\t<\/div>\n\t\t\t\t<\/div>\n\t\t\t\t<\/div>\n\t\t\t\t\t<\/div>\n\t\t<\/div>\n\t\t\t\t\t\t\t<\/div>\n\t\t<\/section>\n\t\t\t\t\t\t\t<\/div>","protected":false},"excerpt":{"rendered":"<p>PH\u00c2N PH\u1ed0I H\u1ec7 Th\u1ed1ng ph\u00e2n ph\u1ed1i r\u1ed9ng kh\u1eafp v\u1edbi h\u1ec7 th\u1ed1ng \u0111\u1ea1i l\u00fd to\u00e0n qu\u1ed1c C\u00e1c s\u1ea3n ph\u1ea9m c\u1ee7a Tavipo \u0111\u01b0\u1ee3c kh\u00e1ch h\u00e0ng \u0111\u00f3n nh\u1eadn nh\u1edd thi\u1ebft k\u1ebf \u0111\u1eb9p m\u1eaft tinh t\u1ebf v\u00e0 s\u1ea3n ph\u1ea9m \u0111\u01b0\u1ee3c s\u1ea3n xu\u1ea5t theo ti\u00eau chu\u1ea9n kh\u1eaft khe n\u00ean c\u00f3 \u0111\u1ed9 b\u1ec1n cao. V\u00ec v\u1eady, s\u1ea3n ph\u1ea9m Tavipo \u0111\u01b0\u1ee3c ph\u00e2n &hellip;<\/p>\n<p class=\"read-more\"> <a class=\"\" href=\"https:\/\/tavipo.vn\/en\/phan-phoi\/\"> <span class=\"screen-reader-text\">Distribution<\/span> Read More &raquo;<\/a><\/p>","protected":false},"author":1,"featured_media":0,"parent":0,"menu_order":0,"comment_status":"closed","ping_status":"closed","template":"","meta":{"om_disable_all_campaigns":false,"_monsterinsights_skip_tracking":false,"_monsterinsights_sitenote_active":false,"_monsterinsights_sitenote_note":"","_monsterinsights_sitenote_category":0,"_uf_show_specific_survey":0,"_uf_disable_surveys":false,"footnotes":""},"class_list":["post-1749","page","type-page","status-publish","hentry"],"aioseo_notices":[],"yoast_head":"<!-- This site is optimized with the Yoast SEO plugin v21.5 - https:\/\/yoast.com\/wordpress\/plugins\/seo\/ -->\n<title>Ph\u00e2n Ph\u1ed1i - Tavipo<\/title>\n<meta name=\"robots\" content=\"index, follow, max-snippet:-1, max-image-preview:large, max-video-preview:-1\" \/>\n<link rel=\"canonical\" href=\"https:\/\/tavipo.vn\/en\/phan-phoi\/\" \/>\n<meta property=\"og:locale\" content=\"en_US\" \/>\n<meta property=\"og:type\" content=\"article\" \/>\n<meta property=\"og:title\" content=\"Ph\u00e2n Ph\u1ed1i - Tavipo\" \/>\n<meta property=\"og:description\" content=\"PH\u00c2N PH\u1ed0I H\u1ec7 Th\u1ed1ng ph\u00e2n ph\u1ed1i r\u1ed9ng kh\u1eafp v\u1edbi h\u1ec7 th\u1ed1ng \u0111\u1ea1i l\u00fd to\u00e0n qu\u1ed1c C\u00e1c s\u1ea3n ph\u1ea9m c\u1ee7a Tavipo \u0111\u01b0\u1ee3c kh\u00e1ch h\u00e0ng \u0111\u00f3n nh\u1eadn nh\u1edd thi\u1ebft k\u1ebf \u0111\u1eb9p m\u1eaft tinh t\u1ebf v\u00e0 s\u1ea3n ph\u1ea9m \u0111\u01b0\u1ee3c s\u1ea3n xu\u1ea5t theo ti\u00eau chu\u1ea9n kh\u1eaft khe n\u00ean c\u00f3 \u0111\u1ed9 b\u1ec1n cao. V\u00ec v\u1eady, s\u1ea3n ph\u1ea9m Tavipo \u0111\u01b0\u1ee3c ph\u00e2n &hellip; Ph\u00e2n Ph\u1ed1i Read More &raquo;\" \/>\n<meta property=\"og:url\" content=\"https:\/\/tavipo.vn\/en\/phan-phoi\/\" \/>\n<meta property=\"og:site_name\" content=\"Tavipo\" \/>\n<meta property=\"article:modified_time\" content=\"2023-11-27T03:15:10+00:00\" \/>\n<meta property=\"og:image\" content=\"http:\/\/tavipo.vn\/\/\/wp-content\/uploads\/2021\/08\/service-dis-map.png\" \/>\n<meta name=\"twitter:card\" content=\"summary_large_image\" \/>\n<meta name=\"twitter:label1\" content=\"Est. reading time\" \/>\n\t<meta name=\"twitter:data1\" content=\"3 minutes\" \/>\n<script type=\"application\/ld+json\" class=\"yoast-schema-graph\">{\"@context\":\"https:\/\/schema.org\",\"@graph\":[{\"@type\":\"WebPage\",\"@id\":\"https:\/\/tavipo.vn\/phan-phoi\/\",\"url\":\"https:\/\/tavipo.vn\/phan-phoi\/\",\"name\":\"Ph\u00e2n Ph\u1ed1i - Tavipo\",\"isPartOf\":{\"@id\":\"https:\/\/tavipo.vn\/#website\"},\"datePublished\":\"2021-07-24T11:29:17+00:00\",\"dateModified\":\"2023-11-27T03:15:10+00:00\",\"breadcrumb\":{\"@id\":\"https:\/\/tavipo.vn\/phan-phoi\/#breadcrumb\"},\"inLanguage\":\"en-US\",\"potentialAction\":[{\"@type\":\"ReadAction\",\"target\":[\"https:\/\/tavipo.vn\/phan-phoi\/\"]}]},{\"@type\":\"BreadcrumbList\",\"@id\":\"https:\/\/tavipo.vn\/phan-phoi\/#breadcrumb\",\"itemListElement\":[{\"@type\":\"ListItem\",\"position\":1,\"name\":\"Home\",\"item\":\"https:\/\/tavipo.vn\/\"},{\"@type\":\"ListItem\",\"position\":2,\"name\":\"Ph\u00e2n Ph\u1ed1i\"}]},{\"@type\":\"WebSite\",\"@id\":\"https:\/\/tavipo.vn\/#website\",\"url\":\"https:\/\/tavipo.vn\/\",\"name\":\"Tavipo\",\"description\":\"M\u1ed9t trang web m\u1edbi s\u1eed d\u1ee5ng WordPress\",\"publisher\":{\"@id\":\"https:\/\/tavipo.vn\/#organization\"},\"potentialAction\":[{\"@type\":\"SearchAction\",\"target\":{\"@type\":\"EntryPoint\",\"urlTemplate\":\"https:\/\/tavipo.vn\/?s={search_term_string}\"},\"query-input\":\"required name=search_term_string\"}],\"inLanguage\":\"en-US\"},{\"@type\":\"Organization\",\"@id\":\"https:\/\/tavipo.vn\/#organization\",\"name\":\"Tavipo\",\"url\":\"https:\/\/tavipo.vn\/\",\"logo\":{\"@type\":\"ImageObject\",\"inLanguage\":\"en-US\",\"@id\":\"https:\/\/tavipo.vn\/#\/schema\/logo\/image\/\",\"url\":\"https:\/\/tavipo.vn\/wp-content\/uploads\/2021\/10\/cropped-logo_co_gan_khong_slogan-e1636260740882.png\",\"contentUrl\":\"https:\/\/tavipo.vn\/wp-content\/uploads\/2021\/10\/cropped-logo_co_gan_khong_slogan-e1636260740882.png\",\"width\":261,\"height\":77,\"caption\":\"Tavipo\"},\"image\":{\"@id\":\"https:\/\/tavipo.vn\/#\/schema\/logo\/image\/\"}}]}<\/script>\n<!-- \/ Yoast SEO plugin. -->","yoast_head_json":{"title":"Ph\u00e2n Ph\u1ed1i - Tavipo","robots":{"index":"index","follow":"follow","max-snippet":"max-snippet:-1","max-image-preview":"max-image-preview:large","max-video-preview":"max-video-preview:-1"},"canonical":"https:\/\/tavipo.vn\/en\/phan-phoi\/","og_locale":"en_US","og_type":"article","og_title":"Ph\u00e2n Ph\u1ed1i - Tavipo","og_description":"PH\u00c2N PH\u1ed0I H\u1ec7 Th\u1ed1ng ph\u00e2n ph\u1ed1i r\u1ed9ng kh\u1eafp v\u1edbi h\u1ec7 th\u1ed1ng \u0111\u1ea1i l\u00fd to\u00e0n qu\u1ed1c C\u00e1c s\u1ea3n ph\u1ea9m c\u1ee7a Tavipo \u0111\u01b0\u1ee3c kh\u00e1ch h\u00e0ng \u0111\u00f3n nh\u1eadn nh\u1edd thi\u1ebft k\u1ebf \u0111\u1eb9p m\u1eaft tinh t\u1ebf v\u00e0 s\u1ea3n ph\u1ea9m \u0111\u01b0\u1ee3c s\u1ea3n xu\u1ea5t theo ti\u00eau chu\u1ea9n kh\u1eaft khe n\u00ean c\u00f3 \u0111\u1ed9 b\u1ec1n cao. V\u00ec v\u1eady, s\u1ea3n ph\u1ea9m Tavipo \u0111\u01b0\u1ee3c ph\u00e2n &hellip; Ph\u00e2n Ph\u1ed1i Read More &raquo;","og_url":"https:\/\/tavipo.vn\/en\/phan-phoi\/","og_site_name":"Tavipo","article_modified_time":"2023-11-27T03:15:10+00:00","og_image":[{"url":"http:\/\/tavipo.vn\/\/\/wp-content\/uploads\/2021\/08\/service-dis-map.png"}],"twitter_card":"summary_large_image","twitter_misc":{"Est. reading time":"3 minutes"},"schema":{"@context":"https:\/\/schema.org","@graph":[{"@type":"WebPage","@id":"https:\/\/tavipo.vn\/phan-phoi\/","url":"https:\/\/tavipo.vn\/phan-phoi\/","name":"Ph\u00e2n Ph\u1ed1i - Tavipo","isPartOf":{"@id":"https:\/\/tavipo.vn\/#website"},"datePublished":"2021-07-24T11:29:17+00:00","dateModified":"2023-11-27T03:15:10+00:00","breadcrumb":{"@id":"https:\/\/tavipo.vn\/phan-phoi\/#breadcrumb"},"inLanguage":"en-US","potentialAction":[{"@type":"ReadAction","target":["https:\/\/tavipo.vn\/phan-phoi\/"]}]},{"@type":"BreadcrumbList","@id":"https:\/\/tavipo.vn\/phan-phoi\/#breadcrumb","itemListElement":[{"@type":"ListItem","position":1,"name":"Home","item":"https:\/\/tavipo.vn\/"},{"@type":"ListItem","position":2,"name":"Ph\u00e2n Ph\u1ed1i"}]},{"@type":"WebSite","@id":"https:\/\/tavipo.vn\/#website","url":"https:\/\/tavipo.vn\/","name":"Tavipo","description":"M\u1ed9t trang web m\u1edbi s\u1eed d\u1ee5ng WordPress","publisher":{"@id":"https:\/\/tavipo.vn\/#organization"},"potentialAction":[{"@type":"SearchAction","target":{"@type":"EntryPoint","urlTemplate":"https:\/\/tavipo.vn\/?s={search_term_string}"},"query-input":"required name=search_term_string"}],"inLanguage":"en-US"},{"@type":"Organization","@id":"https:\/\/tavipo.vn\/#organization","name":"Tavipo","url":"https:\/\/tavipo.vn\/","logo":{"@type":"ImageObject","inLanguage":"en-US","@id":"https:\/\/tavipo.vn\/#\/schema\/logo\/image\/","url":"https:\/\/tavipo.vn\/wp-content\/uploads\/2021\/10\/cropped-logo_co_gan_khong_slogan-e1636260740882.png","contentUrl":"https:\/\/tavipo.vn\/wp-content\/uploads\/2021\/10\/cropped-logo_co_gan_khong_slogan-e1636260740882.png","width":261,"height":77,"caption":"Tavipo"},"image":{"@id":"https:\/\/tavipo.vn\/#\/schema\/logo\/image\/"}}]}},"_links":{"self":[{"href":"https:\/\/tavipo.vn\/en\/wp-json\/wp\/v2\/pages\/1749","targetHints":{"allow":["GET"]}}],"collection":[{"href":"https:\/\/tavipo.vn\/en\/wp-json\/wp\/v2\/pages"}],"about":[{"href":"https:\/\/tavipo.vn\/en\/wp-json\/wp\/v2\/types\/page"}],"author":[{"embeddable":true,"href":"https:\/\/tavipo.vn\/en\/wp-json\/wp\/v2\/users\/1"}],"replies":[{"embeddable":true,"href":"https:\/\/tavipo.vn\/en\/wp-json\/wp\/v2\/comments?post=1749"}],"version-history":[{"count":193,"href":"https:\/\/tavipo.vn\/en\/wp-json\/wp\/v2\/pages\/1749\/revisions"}],"predecessor-version":[{"id":3517,"href":"https:\/\/tavipo.vn\/en\/wp-json\/wp\/v2\/pages\/1749\/revisions\/3517"}],"wp:attachment":[{"href":"https:\/\/tavipo.vn\/en\/wp-json\/wp\/v2\/media?parent=1749"}],"curies":[{"name":"wp","href":"https:\/\/api.w.org\/{rel}","templated":true}]}}