{"id":2217,"date":"2021-07-31T11:47:43","date_gmt":"2021-07-31T04:47:43","guid":{"rendered":"http:\/\/58.187.59.184\/?post_type=product&#038;p=2217"},"modified":"2021-10-24T23:41:15","modified_gmt":"2021-10-24T16:41:15","slug":"chau-lan-sen-tavipo","status":"publish","type":"product","link":"https:\/\/tavipo.vn\/en\/s\u1ea3n ph\u1ea9m\/chau-lan-sen-tavipo\/","title":{"rendered":"Lotus"},"content":{"rendered":"<p><strong><b>PRODUCT OVERVIEW:<\/b><\/strong><\/p>\n<p class=\" translation-block\">Tavipo Orchid lotus pot serves as a prop for the orchids to take root and grow, assisting in the maintenance and protection of the progressively green orchids, as well as providing clean air and brightening up your living environment.<\/p>\n<p><strong><b>Advantages of product:<\/b><\/strong><\/p>\n<ul>\n<li>The pot is a stunning lotus-shaped designed, and there are auxiliary spokes all around it to keep the planting media not being leaked out.<\/li>\n<li>Because the pot is constructed of high-quality plastic, it is waterproof, does not cause mold to harm orchid roots, and is durable, enduring outdoor weather for a long time.<\/li>\n<li>When compared to traditional terracotta hanging pots, plastic hanging pots for orchids are lighter, with the structure of the pot body assisting the orchid's roots in sticking more tightly and growing faster.<\/li>\n<li>In addition to hanging in the truss, the pots can be used as a decorative stuff in the living room, which is extremely appealing without altering other porcelain pots because the pots come in a variety of hues such as pure white, opulent crimson, enigmatic black, and.....<\/li>\n<li>Tavipo Orchid lotus pots are used for growing some orchid types such as Denro, Monkara,\u2026 and some other drooping types.<\/li>\n<\/ul>\n<p><strong><b>Usage instruction: <\/b><\/strong>for growing various types of orchid.<\/p>\n<p><strong><b>Preserve:<\/b><\/strong><\/p>\n<ul>\n<li>Preserved in dry, cool area.<\/li>\n<li><b><\/b><strong><b>Warning:<\/b><\/strong>keep away from high heat.<\/li>\n<\/ul>\n<p><strong><b>CHANNELS FOR SHOPPING GENUINE TAVIPO PRODUCTS:<\/b><\/strong><\/p>\n<p>Hotline and zalo: 088 896 65 38<br \/>\nShop Online<\/p>\n<p>Fanpage:\u00a0<a href=\"https:\/\/www.facebook.com\/Tavipo-102861745340490\"><u>https:\/\/www.facebook.com\/Tavipo-102861745340490<\/u><\/a><\/p>\n<p><strong><b>TAVIPO BRAND:<\/b><\/strong><\/p>\n<p>\"Tavipo\" is an upscale Vietnamese brand that specializes in providing solutions of interior decoration for indoor and garden plants. The idea was originated from the founders of Khoi Viet Co., Ltd. Established in 1997 with the philosophy of  the pure and ethereal beauty of Vietnam that has brought into stunning plastic pot products from European luxurious designs to delicate colors, durable quality over time and particularly environmental-friendly.<\/p>","protected":false},"excerpt":{"rendered":"<p class=\" translation-block\">Tavipo Orchid lotus pots are the most popular items among consumers who want to care for green plants and make their lives more colorful and overflowing green<\/p>","protected":false},"featured_media":2979,"comment_status":"open","ping_status":"closed","template":"","meta":{"om_disable_all_campaigns":false,"_monsterinsights_skip_tracking":false,"_monsterinsights_sitenote_active":false,"_monsterinsights_sitenote_note":"","_monsterinsights_sitenote_category":0,"_uf_show_specific_survey":0,"_uf_disable_surveys":false},"product_cat":[25,28],"product_tag":[],"class_list":["post-2217","product","type-product","status-publish","has-post-thumbnail","hentry","product_cat-nhom-chau-lan","product_cat-chau-lan-sen"],"aioseo_notices":[],"yoast_head":"<!-- This site is optimized with the Yoast SEO plugin v21.5 - https:\/\/yoast.com\/wordpress\/plugins\/seo\/ -->\n<title>Ch\u1eadu Lan Sen - Tavipo<\/title>\n<meta name=\"description\" content=\"Ch\u1eadu Lan G\u1ed7 Tavipo l\u00e0 ch\u1ed5 d\u1ef1a cho c\u00e1c c\u00e2y lan b\u00e1m r\u1ec5 v\u00e0 ph\u00e1t tri\u1ec3n sinh s\u00f4i, gi\u00fap ch\u0103m s\u00f3c v\u00e0 b\u1ea3o v\u1ec7 c\u00e2y lan ng\u00e0y c\u00e0ng xanh t\u01b0\u01a1i t\u1ea1o ra kh\u00f4ng kh\u00ed s\u1ea1ch trong ch\u00ednh ng\u00f4i nh\u00e0 b\u1ea1n v\u00e0 trang tr\u00ed kh\u00f4ng gian s\u1ed1ng \u0111\u1ea7y m\u00e0u s\u1eafc.\" \/>\n<meta name=\"robots\" content=\"index, follow, max-snippet:-1, max-image-preview:large, max-video-preview:-1\" \/>\n<link rel=\"canonical\" href=\"https:\/\/tavipo.vn\/en\/s\u1ea3n%20ph\u1ea9m\/chau-lan-sen-tavipo\/\" \/>\n<meta property=\"og:locale\" content=\"en_US\" \/>\n<meta property=\"og:type\" content=\"article\" \/>\n<meta property=\"og:title\" content=\"Ch\u1eadu Lan Sen - Tavipo\" \/>\n<meta property=\"og:description\" content=\"Ch\u1eadu Lan G\u1ed7 Tavipo l\u00e0 ch\u1ed5 d\u1ef1a cho c\u00e1c c\u00e2y lan b\u00e1m r\u1ec5 v\u00e0 ph\u00e1t tri\u1ec3n sinh s\u00f4i, gi\u00fap ch\u0103m s\u00f3c v\u00e0 b\u1ea3o v\u1ec7 c\u00e2y lan ng\u00e0y c\u00e0ng xanh t\u01b0\u01a1i t\u1ea1o ra kh\u00f4ng kh\u00ed s\u1ea1ch trong ch\u00ednh ng\u00f4i nh\u00e0 b\u1ea1n v\u00e0 trang tr\u00ed kh\u00f4ng gian s\u1ed1ng \u0111\u1ea7y m\u00e0u s\u1eafc.\" \/>\n<meta property=\"og:url\" content=\"https:\/\/tavipo.vn\/en\/s\u1ea3n ph\u1ea9m\/chau-lan-sen-tavipo\/\" \/>\n<meta property=\"og:site_name\" content=\"Tavipo\" \/>\n<meta property=\"article:modified_time\" content=\"2021-10-24T16:41:15+00:00\" \/>\n<meta property=\"og:image\" content=\"https:\/\/tavipo.vn\/wp-content\/uploads\/2021\/10\/chau_lan_sen_trang.png\" \/>\n\t<meta property=\"og:image:width\" content=\"504\" \/>\n\t<meta property=\"og:image:height\" content=\"504\" \/>\n\t<meta property=\"og:image:type\" content=\"image\/png\" \/>\n<meta name=\"twitter:card\" content=\"summary_large_image\" \/>\n<meta name=\"twitter:label1\" content=\"Est. reading time\" \/>\n\t<meta name=\"twitter:data1\" content=\"2 minutes\" \/>\n<script type=\"application\/ld+json\" class=\"yoast-schema-graph\">{\"@context\":\"https:\/\/schema.org\",\"@graph\":[{\"@type\":\"WebPage\",\"@id\":\"https:\/\/tavipo.vn\/s\u1ea3n ph\u1ea9m\/chau-lan-sen-tavipo\/\",\"url\":\"https:\/\/tavipo.vn\/s\u1ea3n ph\u1ea9m\/chau-lan-sen-tavipo\/\",\"name\":\"Ch\u1eadu Lan Sen - Tavipo\",\"isPartOf\":{\"@id\":\"https:\/\/tavipo.vn\/#website\"},\"datePublished\":\"2021-07-31T04:47:43+00:00\",\"dateModified\":\"2021-10-24T16:41:15+00:00\",\"description\":\"Ch\u1eadu Lan G\u1ed7 Tavipo l\u00e0 ch\u1ed5 d\u1ef1a cho c\u00e1c c\u00e2y lan b\u00e1m r\u1ec5 v\u00e0 ph\u00e1t tri\u1ec3n sinh s\u00f4i, gi\u00fap ch\u0103m s\u00f3c v\u00e0 b\u1ea3o v\u1ec7 c\u00e2y lan ng\u00e0y c\u00e0ng xanh t\u01b0\u01a1i t\u1ea1o ra kh\u00f4ng kh\u00ed s\u1ea1ch trong ch\u00ednh ng\u00f4i nh\u00e0 b\u1ea1n v\u00e0 trang tr\u00ed kh\u00f4ng gian s\u1ed1ng \u0111\u1ea7y m\u00e0u s\u1eafc.\",\"breadcrumb\":{\"@id\":\"https:\/\/tavipo.vn\/s\u1ea3n ph\u1ea9m\/chau-lan-sen-tavipo\/#breadcrumb\"},\"inLanguage\":\"en-US\",\"potentialAction\":[{\"@type\":\"ReadAction\",\"target\":[\"https:\/\/tavipo.vn\/s\u1ea3n ph\u1ea9m\/chau-lan-sen-tavipo\/\"]}]},{\"@type\":\"BreadcrumbList\",\"@id\":\"https:\/\/tavipo.vn\/s\u1ea3n ph\u1ea9m\/chau-lan-sen-tavipo\/#breadcrumb\",\"itemListElement\":[{\"@type\":\"ListItem\",\"position\":1,\"name\":\"Home\",\"item\":\"https:\/\/tavipo.vn\/\"},{\"@type\":\"ListItem\",\"position\":2,\"name\":\"C\u1eeda h\u00e0ng\",\"item\":\"https:\/\/tavipo.vn\/cua-hang\/\"},{\"@type\":\"ListItem\",\"position\":3,\"name\":\"Ch\u1eadu Lan Sen\"}]},{\"@type\":\"WebSite\",\"@id\":\"https:\/\/tavipo.vn\/#website\",\"url\":\"https:\/\/tavipo.vn\/\",\"name\":\"Tavipo\",\"description\":\"M\u1ed9t trang web m\u1edbi s\u1eed d\u1ee5ng WordPress\",\"publisher\":{\"@id\":\"https:\/\/tavipo.vn\/#organization\"},\"potentialAction\":[{\"@type\":\"SearchAction\",\"target\":{\"@type\":\"EntryPoint\",\"urlTemplate\":\"https:\/\/tavipo.vn\/?s={search_term_string}\"},\"query-input\":\"required name=search_term_string\"}],\"inLanguage\":\"en-US\"},{\"@type\":\"Organization\",\"@id\":\"https:\/\/tavipo.vn\/#organization\",\"name\":\"Tavipo\",\"url\":\"https:\/\/tavipo.vn\/\",\"logo\":{\"@type\":\"ImageObject\",\"inLanguage\":\"en-US\",\"@id\":\"https:\/\/tavipo.vn\/#\/schema\/logo\/image\/\",\"url\":\"https:\/\/tavipo.vn\/wp-content\/uploads\/2021\/10\/cropped-logo_co_gan_khong_slogan-e1636260740882.png\",\"contentUrl\":\"https:\/\/tavipo.vn\/wp-content\/uploads\/2021\/10\/cropped-logo_co_gan_khong_slogan-e1636260740882.png\",\"width\":261,\"height\":77,\"caption\":\"Tavipo\"},\"image\":{\"@id\":\"https:\/\/tavipo.vn\/#\/schema\/logo\/image\/\"}}]}<\/script>\n<!-- \/ Yoast SEO plugin. -->","yoast_head_json":{"title":"Ch\u1eadu Lan Sen - Tavipo","description":"Ch\u1eadu Lan G\u1ed7 Tavipo l\u00e0 ch\u1ed5 d\u1ef1a cho c\u00e1c c\u00e2y lan b\u00e1m r\u1ec5 v\u00e0 ph\u00e1t tri\u1ec3n sinh s\u00f4i, gi\u00fap ch\u0103m s\u00f3c v\u00e0 b\u1ea3o v\u1ec7 c\u00e2y lan ng\u00e0y c\u00e0ng xanh t\u01b0\u01a1i t\u1ea1o ra kh\u00f4ng kh\u00ed s\u1ea1ch trong ch\u00ednh ng\u00f4i nh\u00e0 b\u1ea1n v\u00e0 trang tr\u00ed kh\u00f4ng gian s\u1ed1ng \u0111\u1ea7y m\u00e0u s\u1eafc.","robots":{"index":"index","follow":"follow","max-snippet":"max-snippet:-1","max-image-preview":"max-image-preview:large","max-video-preview":"max-video-preview:-1"},"canonical":"https:\/\/tavipo.vn\/en\/s\u1ea3n ph\u1ea9m\/chau-lan-sen-tavipo\/","og_locale":"en_US","og_type":"article","og_title":"Ch\u1eadu Lan Sen - Tavipo","og_description":"Ch\u1eadu Lan G\u1ed7 Tavipo l\u00e0 ch\u1ed5 d\u1ef1a cho c\u00e1c c\u00e2y lan b\u00e1m r\u1ec5 v\u00e0 ph\u00e1t tri\u1ec3n sinh s\u00f4i, gi\u00fap ch\u0103m s\u00f3c v\u00e0 b\u1ea3o v\u1ec7 c\u00e2y lan ng\u00e0y c\u00e0ng xanh t\u01b0\u01a1i t\u1ea1o ra kh\u00f4ng kh\u00ed s\u1ea1ch trong ch\u00ednh ng\u00f4i nh\u00e0 b\u1ea1n v\u00e0 trang tr\u00ed kh\u00f4ng gian s\u1ed1ng \u0111\u1ea7y m\u00e0u s\u1eafc.","og_url":"https:\/\/tavipo.vn\/en\/s\u1ea3n ph\u1ea9m\/chau-lan-sen-tavipo\/","og_site_name":"Tavipo","article_modified_time":"2021-10-24T16:41:15+00:00","og_image":[{"width":504,"height":504,"url":"https:\/\/tavipo.vn\/wp-content\/uploads\/2021\/10\/chau_lan_sen_trang.png","type":"image\/png"}],"twitter_card":"summary_large_image","twitter_misc":{"Est. reading time":"2 minutes"},"schema":{"@context":"https:\/\/schema.org","@graph":[{"@type":"WebPage","@id":"https:\/\/tavipo.vn\/s\u1ea3n ph\u1ea9m\/chau-lan-sen-tavipo\/","url":"https:\/\/tavipo.vn\/s\u1ea3n ph\u1ea9m\/chau-lan-sen-tavipo\/","name":"Ch\u1eadu Lan Sen - Tavipo","isPartOf":{"@id":"https:\/\/tavipo.vn\/#website"},"datePublished":"2021-07-31T04:47:43+00:00","dateModified":"2021-10-24T16:41:15+00:00","description":"Ch\u1eadu Lan G\u1ed7 Tavipo l\u00e0 ch\u1ed5 d\u1ef1a cho c\u00e1c c\u00e2y lan b\u00e1m r\u1ec5 v\u00e0 ph\u00e1t tri\u1ec3n sinh s\u00f4i, gi\u00fap ch\u0103m s\u00f3c v\u00e0 b\u1ea3o v\u1ec7 c\u00e2y lan ng\u00e0y c\u00e0ng xanh t\u01b0\u01a1i t\u1ea1o ra kh\u00f4ng kh\u00ed s\u1ea1ch trong ch\u00ednh ng\u00f4i nh\u00e0 b\u1ea1n v\u00e0 trang tr\u00ed kh\u00f4ng gian s\u1ed1ng \u0111\u1ea7y m\u00e0u s\u1eafc.","breadcrumb":{"@id":"https:\/\/tavipo.vn\/s\u1ea3n ph\u1ea9m\/chau-lan-sen-tavipo\/#breadcrumb"},"inLanguage":"en-US","potentialAction":[{"@type":"ReadAction","target":["https:\/\/tavipo.vn\/s\u1ea3n ph\u1ea9m\/chau-lan-sen-tavipo\/"]}]},{"@type":"BreadcrumbList","@id":"https:\/\/tavipo.vn\/s\u1ea3n ph\u1ea9m\/chau-lan-sen-tavipo\/#breadcrumb","itemListElement":[{"@type":"ListItem","position":1,"name":"Home","item":"https:\/\/tavipo.vn\/"},{"@type":"ListItem","position":2,"name":"C\u1eeda h\u00e0ng","item":"https:\/\/tavipo.vn\/cua-hang\/"},{"@type":"ListItem","position":3,"name":"Ch\u1eadu Lan Sen"}]},{"@type":"WebSite","@id":"https:\/\/tavipo.vn\/#website","url":"https:\/\/tavipo.vn\/","name":"Tavipo","description":"M\u1ed9t trang web m\u1edbi s\u1eed d\u1ee5ng WordPress","publisher":{"@id":"https:\/\/tavipo.vn\/#organization"},"potentialAction":[{"@type":"SearchAction","target":{"@type":"EntryPoint","urlTemplate":"https:\/\/tavipo.vn\/?s={search_term_string}"},"query-input":"required name=search_term_string"}],"inLanguage":"en-US"},{"@type":"Organization","@id":"https:\/\/tavipo.vn\/#organization","name":"Tavipo","url":"https:\/\/tavipo.vn\/","logo":{"@type":"ImageObject","inLanguage":"en-US","@id":"https:\/\/tavipo.vn\/#\/schema\/logo\/image\/","url":"https:\/\/tavipo.vn\/wp-content\/uploads\/2021\/10\/cropped-logo_co_gan_khong_slogan-e1636260740882.png","contentUrl":"https:\/\/tavipo.vn\/wp-content\/uploads\/2021\/10\/cropped-logo_co_gan_khong_slogan-e1636260740882.png","width":261,"height":77,"caption":"Tavipo"},"image":{"@id":"https:\/\/tavipo.vn\/#\/schema\/logo\/image\/"}}]}},"_links":{"self":[{"href":"https:\/\/tavipo.vn\/en\/wp-json\/wp\/v2\/product\/2217","targetHints":{"allow":["GET"]}}],"collection":[{"href":"https:\/\/tavipo.vn\/en\/wp-json\/wp\/v2\/product"}],"about":[{"href":"https:\/\/tavipo.vn\/en\/wp-json\/wp\/v2\/types\/product"}],"replies":[{"embeddable":true,"href":"https:\/\/tavipo.vn\/en\/wp-json\/wp\/v2\/comments?post=2217"}],"wp:featuredmedia":[{"embeddable":true,"href":"https:\/\/tavipo.vn\/en\/wp-json\/wp\/v2\/media\/2979"}],"wp:attachment":[{"href":"https:\/\/tavipo.vn\/en\/wp-json\/wp\/v2\/media?parent=2217"}],"wp:term":[{"taxonomy":"product_cat","embeddable":true,"href":"https:\/\/tavipo.vn\/en\/wp-json\/wp\/v2\/product_cat?post=2217"},{"taxonomy":"product_tag","embeddable":true,"href":"https:\/\/tavipo.vn\/en\/wp-json\/wp\/v2\/product_tag?post=2217"}],"curies":[{"name":"wp","href":"https:\/\/api.w.org\/{rel}","templated":true}]}}