{"id":2235,"date":"2021-07-31T11:57:15","date_gmt":"2021-07-31T04:57:15","guid":{"rendered":"http:\/\/58.187.59.184\/?post_type=product&#038;p=2235"},"modified":"2023-11-29T09:51:32","modified_gmt":"2023-11-29T02:51:32","slug":"chau-bach-hop","status":"publish","type":"product","link":"https:\/\/tavipo.vn\/en\/s\u1ea3n ph\u1ea9m\/chau-bach-hop\/","title":{"rendered":"Stand type"},"content":{"rendered":"<p><strong><b>PRODUCT OVERVIEW:<\/b><\/strong><\/p>\n<p>Many people adore the lily flower, not only because of its lovely appearance and soft perfume, but also because it has numerous positive connotations. Tavipo was also inspired to name the \u201cLily\u201d for pot products, which comes in a variety of luxury styles and hues and is ideal for growing plants to provide color to the living environment.<\/p>\n<p><strong><b>Advantages of product:<\/b><\/strong><\/p>\n<ul>\n<li>Available with various size that assists multiple inquiries from customers.<\/li>\n<li>To create a sense of harmony, the product is embellished with vertical stripes around the pot.<\/li>\n<li>It is equipped with holes at the bottom of pots to assist prevent waterlogged and maintain humidity for soils.<\/li>\n<li>Made of high-grade resin, it's safe to use outside and has a strong temperature resistance.<\/li>\n<\/ul>\n<p><strong><b>SIZES: <\/b><\/strong>available in 6 sizes that helps widen your choice<\/p>\n<ul>\n<li><strong>Size 01:<\/strong>120 x 80 x 90 mm<\/li>\n<li><strong>Size 02: <\/strong>140 x 90 x 110 mm<\/li>\n<li><strong>Size 03: <\/strong>170 x 110 x 130 mm<\/li>\n<li><strong>Size 04: <\/strong>200 x 130 x 150 mm<\/li>\n<li><strong>Size 05: <\/strong>220 x 150 x 170 mm<\/li>\n<li><strong>Size 06: <\/strong>250 x 160 x 190 mm<\/li>\n<\/ul>\n<p><strong><b>Usage instruction: <\/b><\/strong>to grow various types of flowers and plants.<\/p>\n<p><strong><b>Preserve:<\/b><\/strong><\/p>\n<ul>\n<li>Preserved in dry, cool area.<\/li>\n<li><b><\/b><strong><b>Warning:<\/b><\/strong>keep away from high heat.<\/li>\n<\/ul>\n<p><strong><b>CHANNELS FOR SHOPPING GENUINE TAVIPO PRODUCTS:<\/b><\/strong><\/p>\n<p>Hotline and zalo: 088 896 65 38<br \/>\nShop Online<\/p>\n<p>Fanpage:\u00a0<a href=\"https:\/\/www.facebook.com\/Tavipo-102861745340490\"><u>https:\/\/www.facebook.com\/Tavipo-102861745340490<\/u><\/a><\/p>\n<p><strong><b>TAVIPO BRAND:<\/b><\/strong><\/p>\n<p>\"Tavipo\" is an upscale Vietnamese brand that specializes in providing solutions of interior decoration for indoor and garden plants. The idea was originated from the founders of Khoi Viet Co., Ltd. Established in 1997 with the philosophy of  the pure and ethereal beauty of Vietnam that has brought into stunning plastic pot products from European luxurious designs to delicate colors, durable quality over time and particularly environmental-friendly.<\/p>","protected":false},"excerpt":{"rendered":"<p class=\" translation-block\">Tavipo Lily pots are a combination of plants and soils that assist to care for and protect them on a regular basis, making them greener and fresher in your home while also embellishing beautiful living areas.<\/p>","protected":false},"featured_media":2983,"comment_status":"open","ping_status":"closed","template":"","meta":{"om_disable_all_campaigns":false,"_monsterinsights_skip_tracking":false,"_monsterinsights_sitenote_active":false,"_monsterinsights_sitenote_note":"","_monsterinsights_sitenote_category":0,"_uf_show_specific_survey":0,"_uf_disable_surveys":false},"product_cat":[32,34],"product_tag":[],"class_list":["post-2235","product","type-product","status-publish","has-post-thumbnail","hentry","product_cat-nhom-chau-bach-hop","product_cat-chau-bach-hop"],"aioseo_notices":[],"yoast_head":"<!-- This site is optimized with the Yoast SEO plugin v21.5 - https:\/\/yoast.com\/wordpress\/plugins\/seo\/ -->\n<title>Ch\u1eadu B\u00e1ch H\u1ee3p - Tavipo<\/title>\n<meta name=\"description\" content=\"Ch\u1eadu Lan G\u1ed7 Tavipo l\u00e0 ch\u1ed5 d\u1ef1a cho c\u00e1c c\u00e2y lan b\u00e1m r\u1ec5 v\u00e0 ph\u00e1t tri\u1ec3n sinh s\u00f4i, gi\u00fap ch\u0103m s\u00f3c v\u00e0 b\u1ea3o v\u1ec7 c\u00e2y lan ng\u00e0y c\u00e0ng xanh t\u01b0\u01a1i t\u1ea1o ra kh\u00f4ng kh\u00ed s\u1ea1ch trong ch\u00ednh ng\u00f4i nh\u00e0 b\u1ea1n v\u00e0 trang tr\u00ed kh\u00f4ng gian s\u1ed1ng \u0111\u1ea7y m\u00e0u s\u1eafc.\" \/>\n<meta name=\"robots\" content=\"index, follow, max-snippet:-1, max-image-preview:large, max-video-preview:-1\" \/>\n<link rel=\"canonical\" href=\"https:\/\/tavipo.vn\/en\/s\u1ea3n%20ph\u1ea9m\/chau-bach-hop\/\" \/>\n<meta property=\"og:locale\" content=\"en_US\" \/>\n<meta property=\"og:type\" content=\"article\" \/>\n<meta property=\"og:title\" content=\"Ch\u1eadu B\u00e1ch H\u1ee3p - Tavipo\" \/>\n<meta property=\"og:description\" content=\"Ch\u1eadu Lan G\u1ed7 Tavipo l\u00e0 ch\u1ed5 d\u1ef1a cho c\u00e1c c\u00e2y lan b\u00e1m r\u1ec5 v\u00e0 ph\u00e1t tri\u1ec3n sinh s\u00f4i, gi\u00fap ch\u0103m s\u00f3c v\u00e0 b\u1ea3o v\u1ec7 c\u00e2y lan ng\u00e0y c\u00e0ng xanh t\u01b0\u01a1i t\u1ea1o ra kh\u00f4ng kh\u00ed s\u1ea1ch trong ch\u00ednh ng\u00f4i nh\u00e0 b\u1ea1n v\u00e0 trang tr\u00ed kh\u00f4ng gian s\u1ed1ng \u0111\u1ea7y m\u00e0u s\u1eafc.\" \/>\n<meta property=\"og:url\" content=\"https:\/\/tavipo.vn\/en\/s\u1ea3n ph\u1ea9m\/chau-bach-hop\/\" \/>\n<meta property=\"og:site_name\" content=\"Tavipo\" \/>\n<meta property=\"article:modified_time\" content=\"2023-11-29T02:51:32+00:00\" \/>\n<meta property=\"og:image\" content=\"https:\/\/tavipo.vn\/wp-content\/uploads\/2021\/10\/chau_bach_hop_trang.png\" \/>\n\t<meta property=\"og:image:width\" content=\"309\" \/>\n\t<meta property=\"og:image:height\" content=\"309\" \/>\n\t<meta property=\"og:image:type\" content=\"image\/png\" \/>\n<meta name=\"twitter:card\" content=\"summary_large_image\" \/>\n<meta name=\"twitter:label1\" content=\"Est. reading time\" \/>\n\t<meta name=\"twitter:data1\" content=\"2 minutes\" \/>\n<script type=\"application\/ld+json\" class=\"yoast-schema-graph\">{\"@context\":\"https:\/\/schema.org\",\"@graph\":[{\"@type\":\"WebPage\",\"@id\":\"https:\/\/tavipo.vn\/s\u1ea3n ph\u1ea9m\/chau-bach-hop\/\",\"url\":\"https:\/\/tavipo.vn\/s\u1ea3n ph\u1ea9m\/chau-bach-hop\/\",\"name\":\"Ch\u1eadu B\u00e1ch H\u1ee3p - Tavipo\",\"isPartOf\":{\"@id\":\"https:\/\/tavipo.vn\/#website\"},\"datePublished\":\"2021-07-31T04:57:15+00:00\",\"dateModified\":\"2023-11-29T02:51:32+00:00\",\"description\":\"Ch\u1eadu Lan G\u1ed7 Tavipo l\u00e0 ch\u1ed5 d\u1ef1a cho c\u00e1c c\u00e2y lan b\u00e1m r\u1ec5 v\u00e0 ph\u00e1t tri\u1ec3n sinh s\u00f4i, gi\u00fap ch\u0103m s\u00f3c v\u00e0 b\u1ea3o v\u1ec7 c\u00e2y lan ng\u00e0y c\u00e0ng xanh t\u01b0\u01a1i t\u1ea1o ra kh\u00f4ng kh\u00ed s\u1ea1ch trong ch\u00ednh ng\u00f4i nh\u00e0 b\u1ea1n v\u00e0 trang tr\u00ed kh\u00f4ng gian s\u1ed1ng \u0111\u1ea7y m\u00e0u s\u1eafc.\",\"breadcrumb\":{\"@id\":\"https:\/\/tavipo.vn\/s\u1ea3n ph\u1ea9m\/chau-bach-hop\/#breadcrumb\"},\"inLanguage\":\"en-US\",\"potentialAction\":[{\"@type\":\"ReadAction\",\"target\":[\"https:\/\/tavipo.vn\/s\u1ea3n ph\u1ea9m\/chau-bach-hop\/\"]}]},{\"@type\":\"BreadcrumbList\",\"@id\":\"https:\/\/tavipo.vn\/s\u1ea3n ph\u1ea9m\/chau-bach-hop\/#breadcrumb\",\"itemListElement\":[{\"@type\":\"ListItem\",\"position\":1,\"name\":\"Home\",\"item\":\"https:\/\/tavipo.vn\/\"},{\"@type\":\"ListItem\",\"position\":2,\"name\":\"C\u1eeda h\u00e0ng\",\"item\":\"https:\/\/tavipo.vn\/cua-hang\/\"},{\"@type\":\"ListItem\",\"position\":3,\"name\":\"Ch\u1eadu B\u00e1ch H\u1ee3p\"}]},{\"@type\":\"WebSite\",\"@id\":\"https:\/\/tavipo.vn\/#website\",\"url\":\"https:\/\/tavipo.vn\/\",\"name\":\"Tavipo\",\"description\":\"M\u1ed9t trang web m\u1edbi s\u1eed d\u1ee5ng WordPress\",\"publisher\":{\"@id\":\"https:\/\/tavipo.vn\/#organization\"},\"potentialAction\":[{\"@type\":\"SearchAction\",\"target\":{\"@type\":\"EntryPoint\",\"urlTemplate\":\"https:\/\/tavipo.vn\/?s={search_term_string}\"},\"query-input\":\"required name=search_term_string\"}],\"inLanguage\":\"en-US\"},{\"@type\":\"Organization\",\"@id\":\"https:\/\/tavipo.vn\/#organization\",\"name\":\"Tavipo\",\"url\":\"https:\/\/tavipo.vn\/\",\"logo\":{\"@type\":\"ImageObject\",\"inLanguage\":\"en-US\",\"@id\":\"https:\/\/tavipo.vn\/#\/schema\/logo\/image\/\",\"url\":\"https:\/\/tavipo.vn\/wp-content\/uploads\/2021\/10\/cropped-logo_co_gan_khong_slogan-e1636260740882.png\",\"contentUrl\":\"https:\/\/tavipo.vn\/wp-content\/uploads\/2021\/10\/cropped-logo_co_gan_khong_slogan-e1636260740882.png\",\"width\":261,\"height\":77,\"caption\":\"Tavipo\"},\"image\":{\"@id\":\"https:\/\/tavipo.vn\/#\/schema\/logo\/image\/\"}}]}<\/script>\n<!-- \/ Yoast SEO plugin. -->","yoast_head_json":{"title":"Ch\u1eadu B\u00e1ch H\u1ee3p - Tavipo","description":"Ch\u1eadu Lan G\u1ed7 Tavipo l\u00e0 ch\u1ed5 d\u1ef1a cho c\u00e1c c\u00e2y lan b\u00e1m r\u1ec5 v\u00e0 ph\u00e1t tri\u1ec3n sinh s\u00f4i, gi\u00fap ch\u0103m s\u00f3c v\u00e0 b\u1ea3o v\u1ec7 c\u00e2y lan ng\u00e0y c\u00e0ng xanh t\u01b0\u01a1i t\u1ea1o ra kh\u00f4ng kh\u00ed s\u1ea1ch trong ch\u00ednh ng\u00f4i nh\u00e0 b\u1ea1n v\u00e0 trang tr\u00ed kh\u00f4ng gian s\u1ed1ng \u0111\u1ea7y m\u00e0u s\u1eafc.","robots":{"index":"index","follow":"follow","max-snippet":"max-snippet:-1","max-image-preview":"max-image-preview:large","max-video-preview":"max-video-preview:-1"},"canonical":"https:\/\/tavipo.vn\/en\/s\u1ea3n ph\u1ea9m\/chau-bach-hop\/","og_locale":"en_US","og_type":"article","og_title":"Ch\u1eadu B\u00e1ch H\u1ee3p - Tavipo","og_description":"Ch\u1eadu Lan G\u1ed7 Tavipo l\u00e0 ch\u1ed5 d\u1ef1a cho c\u00e1c c\u00e2y lan b\u00e1m r\u1ec5 v\u00e0 ph\u00e1t tri\u1ec3n sinh s\u00f4i, gi\u00fap ch\u0103m s\u00f3c v\u00e0 b\u1ea3o v\u1ec7 c\u00e2y lan ng\u00e0y c\u00e0ng xanh t\u01b0\u01a1i t\u1ea1o ra kh\u00f4ng kh\u00ed s\u1ea1ch trong ch\u00ednh ng\u00f4i nh\u00e0 b\u1ea1n v\u00e0 trang tr\u00ed kh\u00f4ng gian s\u1ed1ng \u0111\u1ea7y m\u00e0u s\u1eafc.","og_url":"https:\/\/tavipo.vn\/en\/s\u1ea3n ph\u1ea9m\/chau-bach-hop\/","og_site_name":"Tavipo","article_modified_time":"2023-11-29T02:51:32+00:00","og_image":[{"width":309,"height":309,"url":"https:\/\/tavipo.vn\/wp-content\/uploads\/2021\/10\/chau_bach_hop_trang.png","type":"image\/png"}],"twitter_card":"summary_large_image","twitter_misc":{"Est. reading time":"2 minutes"},"schema":{"@context":"https:\/\/schema.org","@graph":[{"@type":"WebPage","@id":"https:\/\/tavipo.vn\/s\u1ea3n ph\u1ea9m\/chau-bach-hop\/","url":"https:\/\/tavipo.vn\/s\u1ea3n ph\u1ea9m\/chau-bach-hop\/","name":"Ch\u1eadu B\u00e1ch H\u1ee3p - Tavipo","isPartOf":{"@id":"https:\/\/tavipo.vn\/#website"},"datePublished":"2021-07-31T04:57:15+00:00","dateModified":"2023-11-29T02:51:32+00:00","description":"Ch\u1eadu Lan G\u1ed7 Tavipo l\u00e0 ch\u1ed5 d\u1ef1a cho c\u00e1c c\u00e2y lan b\u00e1m r\u1ec5 v\u00e0 ph\u00e1t tri\u1ec3n sinh s\u00f4i, gi\u00fap ch\u0103m s\u00f3c v\u00e0 b\u1ea3o v\u1ec7 c\u00e2y lan ng\u00e0y c\u00e0ng xanh t\u01b0\u01a1i t\u1ea1o ra kh\u00f4ng kh\u00ed s\u1ea1ch trong ch\u00ednh ng\u00f4i nh\u00e0 b\u1ea1n v\u00e0 trang tr\u00ed kh\u00f4ng gian s\u1ed1ng \u0111\u1ea7y m\u00e0u s\u1eafc.","breadcrumb":{"@id":"https:\/\/tavipo.vn\/s\u1ea3n ph\u1ea9m\/chau-bach-hop\/#breadcrumb"},"inLanguage":"en-US","potentialAction":[{"@type":"ReadAction","target":["https:\/\/tavipo.vn\/s\u1ea3n ph\u1ea9m\/chau-bach-hop\/"]}]},{"@type":"BreadcrumbList","@id":"https:\/\/tavipo.vn\/s\u1ea3n ph\u1ea9m\/chau-bach-hop\/#breadcrumb","itemListElement":[{"@type":"ListItem","position":1,"name":"Home","item":"https:\/\/tavipo.vn\/"},{"@type":"ListItem","position":2,"name":"C\u1eeda h\u00e0ng","item":"https:\/\/tavipo.vn\/cua-hang\/"},{"@type":"ListItem","position":3,"name":"Ch\u1eadu B\u00e1ch H\u1ee3p"}]},{"@type":"WebSite","@id":"https:\/\/tavipo.vn\/#website","url":"https:\/\/tavipo.vn\/","name":"Tavipo","description":"M\u1ed9t trang web m\u1edbi s\u1eed d\u1ee5ng WordPress","publisher":{"@id":"https:\/\/tavipo.vn\/#organization"},"potentialAction":[{"@type":"SearchAction","target":{"@type":"EntryPoint","urlTemplate":"https:\/\/tavipo.vn\/?s={search_term_string}"},"query-input":"required name=search_term_string"}],"inLanguage":"en-US"},{"@type":"Organization","@id":"https:\/\/tavipo.vn\/#organization","name":"Tavipo","url":"https:\/\/tavipo.vn\/","logo":{"@type":"ImageObject","inLanguage":"en-US","@id":"https:\/\/tavipo.vn\/#\/schema\/logo\/image\/","url":"https:\/\/tavipo.vn\/wp-content\/uploads\/2021\/10\/cropped-logo_co_gan_khong_slogan-e1636260740882.png","contentUrl":"https:\/\/tavipo.vn\/wp-content\/uploads\/2021\/10\/cropped-logo_co_gan_khong_slogan-e1636260740882.png","width":261,"height":77,"caption":"Tavipo"},"image":{"@id":"https:\/\/tavipo.vn\/#\/schema\/logo\/image\/"}}]}},"_links":{"self":[{"href":"https:\/\/tavipo.vn\/en\/wp-json\/wp\/v2\/product\/2235","targetHints":{"allow":["GET"]}}],"collection":[{"href":"https:\/\/tavipo.vn\/en\/wp-json\/wp\/v2\/product"}],"about":[{"href":"https:\/\/tavipo.vn\/en\/wp-json\/wp\/v2\/types\/product"}],"replies":[{"embeddable":true,"href":"https:\/\/tavipo.vn\/en\/wp-json\/wp\/v2\/comments?post=2235"}],"wp:featuredmedia":[{"embeddable":true,"href":"https:\/\/tavipo.vn\/en\/wp-json\/wp\/v2\/media\/2983"}],"wp:attachment":[{"href":"https:\/\/tavipo.vn\/en\/wp-json\/wp\/v2\/media?parent=2235"}],"wp:term":[{"taxonomy":"product_cat","embeddable":true,"href":"https:\/\/tavipo.vn\/en\/wp-json\/wp\/v2\/product_cat?post=2235"},{"taxonomy":"product_tag","embeddable":true,"href":"https:\/\/tavipo.vn\/en\/wp-json\/wp\/v2\/product_tag?post=2235"}],"curies":[{"name":"wp","href":"https:\/\/api.w.org\/{rel}","templated":true}]}}