{"id":2464,"date":"2021-07-31T16:29:02","date_gmt":"2021-07-31T09:29:02","guid":{"rendered":"http:\/\/58.187.59.184\/?post_type=product&#038;p=2464"},"modified":"2023-11-29T15:45:25","modified_gmt":"2023-11-29T08:45:25","slug":"chau-cat-tuong","status":"publish","type":"product","link":"https:\/\/tavipo.vn\/en\/s\u1ea3n ph\u1ea9m\/chau-cat-tuong\/","title":{"rendered":"Stand type"},"content":{"rendered":"<p><strong><b>PRODUCT OVERVIEW:<\/b><\/strong><\/p>\n<p>When discussing about the name Lisianthus, we frequently associate it with good fortune and happiness. As a result, Lisianthus is consistently at the top of any list of lovely flowers. Not only does Lisianthus have a beautiful name and an appealing color, but it also has a special meaning. It is also the source of inspiration for Tavipo's premium brand, Lisianthus pots, which aims to bring luck and happiness to every family's existence.<\/p>\n<p><strong><b>Advantages of product:<\/b><\/strong><\/p>\n<ul>\n<li>A rounded pot with a solid structure protects the soil and keeps the plants greener.<\/li>\n<li>They're made of high-grade plastic and are light enough to hang or position in corners. They are far from impact in both situations and will not break like other terracotta pots.<\/li>\n<li>Varieties of sizes and benefits are available to assist illuminate the beauty of flowers growing in pots.<\/li>\n<li>Lisianthus pots come in a variety of colors, from ethereal white to stunning scarlet, and fresh blue is always a popular choice.<\/li>\n<li>Moreover, the pots are able to resist high temperature when they\u2019re in contact with outdoor environment<\/li>\n<\/ul>\n<p><strong><b>SIZES: <\/b><\/strong>c\u00f3 5 k\u00edch th\u01b0\u1edbc, t\u0103ng th\u00eam nhi\u1ec1u s\u1ef1 l\u1ef1a ch\u1ecdn<\/p>\n<ul>\n<li><strong>Size 01:<\/strong>170 x 90 x 130 mm<\/li>\n<li><strong>Size 02: <\/strong>220 x 110 x 170 mm<\/li>\n<li><strong>Size 03: <\/strong>270 x 140 x 220 mm<\/li>\n<li><strong>Size 04: <\/strong>330 x 170 x 260 mm<\/li>\n<li><strong>Size 05: <\/strong>450 x 230 x 350 mm<b><\/b><\/li>\n<\/ul>\n<p><strong><b>Usage instruction: <\/b><\/strong>for growing ornamental trees, bonsai, flowers<\/p>\n<p><strong><b>Preserve:<\/b><\/strong><\/p>\n<ul>\n<li>Preserved in dry, cool area.<\/li>\n<li><b><\/b><strong><b>Warning:<\/b><\/strong>keep away from high heat.<\/li>\n<\/ul>\n<p><strong><b>CHANNELS FOR SHOPPING GENUINE TAVIPO PRODUCTS:<\/b><\/strong><\/p>\n<p>Hotline and zalo: 088 896 65 38<br \/>\nShop Online<\/p>\n<p>Fanpage:\u00a0<a href=\"https:\/\/www.facebook.com\/Tavipo-102861745340490\"><u>https:\/\/www.facebook.com\/Tavipo-102861745340490<\/u><\/a><\/p>\n<p><strong><b>TAVIPO BRAND:<\/b><\/strong><\/p>\n<p>\"Tavipo\" is an upscale Vietnamese brand that specializes in providing solutions of interior decoration for indoor and garden plants. The idea was originated from the founders of Khoi Viet Co., Ltd. Established in 1997 with the philosophy of  the pure and ethereal beauty of Vietnam that has brought into stunning plastic pot products from European luxurious designs to delicate colors, durable quality over time and particularly environmental-friendly.<\/p>","protected":false},"excerpt":{"rendered":"<p class=\" translation-block\">When discussing about the name Lisianthus, we frequently associate it with good fortune and happiness. As a result, Lisianthus is consistently at the top of any list of lovely flowers. Not only does Lisianthus have a beautiful name and an appealing color, but it also has a special meaning. It is also the source of inspiration for Tavipo's premium brand, Lisianthus pots, which aims to bring luck and happiness to every family's existence.<\/p>","protected":false},"featured_media":2991,"comment_status":"open","ping_status":"closed","template":"","meta":{"om_disable_all_campaigns":false,"_monsterinsights_skip_tracking":false,"_monsterinsights_sitenote_active":false,"_monsterinsights_sitenote_note":"","_monsterinsights_sitenote_category":0,"_uf_show_specific_survey":0,"_uf_disable_surveys":false},"product_cat":[40,41],"product_tag":[],"class_list":["post-2464","product","type-product","status-publish","has-post-thumbnail","hentry","product_cat-nhom-chau-cat-tuong","product_cat-chau-cat-tuong"],"aioseo_notices":[],"yoast_head":"<!-- This site is optimized with the Yoast SEO plugin v21.5 - https:\/\/yoast.com\/wordpress\/plugins\/seo\/ -->\n<title>Ch\u1eadu C\u00e1t T\u01b0\u1eddng - Tavipo<\/title>\n<meta name=\"robots\" content=\"index, follow, max-snippet:-1, max-image-preview:large, max-video-preview:-1\" \/>\n<link rel=\"canonical\" href=\"https:\/\/tavipo.vn\/en\/s\u1ea3n%20ph\u1ea9m\/chau-cat-tuong\/\" \/>\n<meta property=\"og:locale\" content=\"en_US\" \/>\n<meta property=\"og:type\" content=\"article\" \/>\n<meta property=\"og:title\" content=\"Ch\u1eadu C\u00e1t T\u01b0\u1eddng - Tavipo\" \/>\n<meta property=\"og:description\" content=\"Ch\u1eadu C\u00e1t T\u01b0\u1eddng Tavipo l\u00e0 s\u1ef1 g\u1eafn k\u1ebft cho c\u00e2y v\u00e0 \u0111\u1ea5t gi\u00fap ch\u0103m s\u00f3c v\u00e0 b\u1ea3o v\u1ec7 c\u00e2y xanh ng\u00e0y c\u00e0ng xanh t\u01b0\u01a1i t\u1ea1o ra kh\u00f4ng kh\u00ed s\u1ea1ch trong ch\u00ednh ng\u00f4i nh\u00e0 b\u1ea1n v\u00e0 trang tr\u00ed kh\u00f4ng gian s\u1ed1ng \u0111\u1ea7y m\u00e0u s\u1eafc.\" \/>\n<meta property=\"og:url\" content=\"https:\/\/tavipo.vn\/en\/s\u1ea3n ph\u1ea9m\/chau-cat-tuong\/\" \/>\n<meta property=\"og:site_name\" content=\"Tavipo\" \/>\n<meta property=\"article:modified_time\" content=\"2023-11-29T08:45:25+00:00\" \/>\n<meta property=\"og:image\" content=\"https:\/\/tavipo.vn\/wp-content\/uploads\/2021\/10\/chau_cat_tuong_trang.png\" \/>\n\t<meta property=\"og:image:width\" content=\"491\" \/>\n\t<meta property=\"og:image:height\" content=\"491\" \/>\n\t<meta property=\"og:image:type\" content=\"image\/png\" \/>\n<meta name=\"twitter:card\" content=\"summary_large_image\" \/>\n<meta name=\"twitter:label1\" content=\"Est. reading time\" \/>\n\t<meta name=\"twitter:data1\" content=\"3 minutes\" \/>\n<script type=\"application\/ld+json\" class=\"yoast-schema-graph\">{\"@context\":\"https:\/\/schema.org\",\"@graph\":[{\"@type\":\"WebPage\",\"@id\":\"https:\/\/tavipo.vn\/s\u1ea3n ph\u1ea9m\/chau-cat-tuong\/\",\"url\":\"https:\/\/tavipo.vn\/s\u1ea3n ph\u1ea9m\/chau-cat-tuong\/\",\"name\":\"Ch\u1eadu C\u00e1t T\u01b0\u1eddng - Tavipo\",\"isPartOf\":{\"@id\":\"https:\/\/tavipo.vn\/#website\"},\"datePublished\":\"2021-07-31T09:29:02+00:00\",\"dateModified\":\"2023-11-29T08:45:25+00:00\",\"breadcrumb\":{\"@id\":\"https:\/\/tavipo.vn\/s\u1ea3n ph\u1ea9m\/chau-cat-tuong\/#breadcrumb\"},\"inLanguage\":\"en-US\",\"potentialAction\":[{\"@type\":\"ReadAction\",\"target\":[\"https:\/\/tavipo.vn\/s\u1ea3n ph\u1ea9m\/chau-cat-tuong\/\"]}]},{\"@type\":\"BreadcrumbList\",\"@id\":\"https:\/\/tavipo.vn\/s\u1ea3n ph\u1ea9m\/chau-cat-tuong\/#breadcrumb\",\"itemListElement\":[{\"@type\":\"ListItem\",\"position\":1,\"name\":\"Home\",\"item\":\"https:\/\/tavipo.vn\/\"},{\"@type\":\"ListItem\",\"position\":2,\"name\":\"C\u1eeda h\u00e0ng\",\"item\":\"https:\/\/tavipo.vn\/cua-hang\/\"},{\"@type\":\"ListItem\",\"position\":3,\"name\":\"Ch\u1eadu C\u00e1t T\u01b0\u1eddng\"}]},{\"@type\":\"WebSite\",\"@id\":\"https:\/\/tavipo.vn\/#website\",\"url\":\"https:\/\/tavipo.vn\/\",\"name\":\"Tavipo\",\"description\":\"M\u1ed9t trang web m\u1edbi s\u1eed d\u1ee5ng WordPress\",\"publisher\":{\"@id\":\"https:\/\/tavipo.vn\/#organization\"},\"potentialAction\":[{\"@type\":\"SearchAction\",\"target\":{\"@type\":\"EntryPoint\",\"urlTemplate\":\"https:\/\/tavipo.vn\/?s={search_term_string}\"},\"query-input\":\"required name=search_term_string\"}],\"inLanguage\":\"en-US\"},{\"@type\":\"Organization\",\"@id\":\"https:\/\/tavipo.vn\/#organization\",\"name\":\"Tavipo\",\"url\":\"https:\/\/tavipo.vn\/\",\"logo\":{\"@type\":\"ImageObject\",\"inLanguage\":\"en-US\",\"@id\":\"https:\/\/tavipo.vn\/#\/schema\/logo\/image\/\",\"url\":\"https:\/\/tavipo.vn\/wp-content\/uploads\/2021\/10\/cropped-logo_co_gan_khong_slogan-e1636260740882.png\",\"contentUrl\":\"https:\/\/tavipo.vn\/wp-content\/uploads\/2021\/10\/cropped-logo_co_gan_khong_slogan-e1636260740882.png\",\"width\":261,\"height\":77,\"caption\":\"Tavipo\"},\"image\":{\"@id\":\"https:\/\/tavipo.vn\/#\/schema\/logo\/image\/\"}}]}<\/script>\n<!-- \/ Yoast SEO plugin. -->","yoast_head_json":{"title":"Ch\u1eadu C\u00e1t T\u01b0\u1eddng - Tavipo","robots":{"index":"index","follow":"follow","max-snippet":"max-snippet:-1","max-image-preview":"max-image-preview:large","max-video-preview":"max-video-preview:-1"},"canonical":"https:\/\/tavipo.vn\/en\/s\u1ea3n ph\u1ea9m\/chau-cat-tuong\/","og_locale":"en_US","og_type":"article","og_title":"Ch\u1eadu C\u00e1t T\u01b0\u1eddng - Tavipo","og_description":"Ch\u1eadu C\u00e1t T\u01b0\u1eddng Tavipo l\u00e0 s\u1ef1 g\u1eafn k\u1ebft cho c\u00e2y v\u00e0 \u0111\u1ea5t gi\u00fap ch\u0103m s\u00f3c v\u00e0 b\u1ea3o v\u1ec7 c\u00e2y xanh ng\u00e0y c\u00e0ng xanh t\u01b0\u01a1i t\u1ea1o ra kh\u00f4ng kh\u00ed s\u1ea1ch trong ch\u00ednh ng\u00f4i nh\u00e0 b\u1ea1n v\u00e0 trang tr\u00ed kh\u00f4ng gian s\u1ed1ng \u0111\u1ea7y m\u00e0u s\u1eafc.","og_url":"https:\/\/tavipo.vn\/en\/s\u1ea3n ph\u1ea9m\/chau-cat-tuong\/","og_site_name":"Tavipo","article_modified_time":"2023-11-29T08:45:25+00:00","og_image":[{"width":491,"height":491,"url":"https:\/\/tavipo.vn\/wp-content\/uploads\/2021\/10\/chau_cat_tuong_trang.png","type":"image\/png"}],"twitter_card":"summary_large_image","twitter_misc":{"Est. reading time":"3 minutes"},"schema":{"@context":"https:\/\/schema.org","@graph":[{"@type":"WebPage","@id":"https:\/\/tavipo.vn\/s\u1ea3n ph\u1ea9m\/chau-cat-tuong\/","url":"https:\/\/tavipo.vn\/s\u1ea3n ph\u1ea9m\/chau-cat-tuong\/","name":"Ch\u1eadu C\u00e1t T\u01b0\u1eddng - Tavipo","isPartOf":{"@id":"https:\/\/tavipo.vn\/#website"},"datePublished":"2021-07-31T09:29:02+00:00","dateModified":"2023-11-29T08:45:25+00:00","breadcrumb":{"@id":"https:\/\/tavipo.vn\/s\u1ea3n ph\u1ea9m\/chau-cat-tuong\/#breadcrumb"},"inLanguage":"en-US","potentialAction":[{"@type":"ReadAction","target":["https:\/\/tavipo.vn\/s\u1ea3n ph\u1ea9m\/chau-cat-tuong\/"]}]},{"@type":"BreadcrumbList","@id":"https:\/\/tavipo.vn\/s\u1ea3n ph\u1ea9m\/chau-cat-tuong\/#breadcrumb","itemListElement":[{"@type":"ListItem","position":1,"name":"Home","item":"https:\/\/tavipo.vn\/"},{"@type":"ListItem","position":2,"name":"C\u1eeda h\u00e0ng","item":"https:\/\/tavipo.vn\/cua-hang\/"},{"@type":"ListItem","position":3,"name":"Ch\u1eadu C\u00e1t T\u01b0\u1eddng"}]},{"@type":"WebSite","@id":"https:\/\/tavipo.vn\/#website","url":"https:\/\/tavipo.vn\/","name":"Tavipo","description":"M\u1ed9t trang web m\u1edbi s\u1eed d\u1ee5ng WordPress","publisher":{"@id":"https:\/\/tavipo.vn\/#organization"},"potentialAction":[{"@type":"SearchAction","target":{"@type":"EntryPoint","urlTemplate":"https:\/\/tavipo.vn\/?s={search_term_string}"},"query-input":"required name=search_term_string"}],"inLanguage":"en-US"},{"@type":"Organization","@id":"https:\/\/tavipo.vn\/#organization","name":"Tavipo","url":"https:\/\/tavipo.vn\/","logo":{"@type":"ImageObject","inLanguage":"en-US","@id":"https:\/\/tavipo.vn\/#\/schema\/logo\/image\/","url":"https:\/\/tavipo.vn\/wp-content\/uploads\/2021\/10\/cropped-logo_co_gan_khong_slogan-e1636260740882.png","contentUrl":"https:\/\/tavipo.vn\/wp-content\/uploads\/2021\/10\/cropped-logo_co_gan_khong_slogan-e1636260740882.png","width":261,"height":77,"caption":"Tavipo"},"image":{"@id":"https:\/\/tavipo.vn\/#\/schema\/logo\/image\/"}}]}},"_links":{"self":[{"href":"https:\/\/tavipo.vn\/en\/wp-json\/wp\/v2\/product\/2464","targetHints":{"allow":["GET"]}}],"collection":[{"href":"https:\/\/tavipo.vn\/en\/wp-json\/wp\/v2\/product"}],"about":[{"href":"https:\/\/tavipo.vn\/en\/wp-json\/wp\/v2\/types\/product"}],"replies":[{"embeddable":true,"href":"https:\/\/tavipo.vn\/en\/wp-json\/wp\/v2\/comments?post=2464"}],"wp:featuredmedia":[{"embeddable":true,"href":"https:\/\/tavipo.vn\/en\/wp-json\/wp\/v2\/media\/2991"}],"wp:attachment":[{"href":"https:\/\/tavipo.vn\/en\/wp-json\/wp\/v2\/media?parent=2464"}],"wp:term":[{"taxonomy":"product_cat","embeddable":true,"href":"https:\/\/tavipo.vn\/en\/wp-json\/wp\/v2\/product_cat?post=2464"},{"taxonomy":"product_tag","embeddable":true,"href":"https:\/\/tavipo.vn\/en\/wp-json\/wp\/v2\/product_tag?post=2464"}],"curies":[{"name":"wp","href":"https:\/\/api.w.org\/{rel}","templated":true}]}}