{"id":2564,"date":"2021-07-31T16:45:43","date_gmt":"2021-07-31T09:45:43","guid":{"rendered":"http:\/\/58.187.59.184\/?post_type=product&#038;p=2564"},"modified":"2021-10-24T23:53:25","modified_gmt":"2021-10-24T16:53:25","slug":"moc-treo-sat-tavipo","status":"publish","type":"product","link":"https:\/\/tavipo.vn\/en\/s\u1ea3n ph\u1ea9m\/moc-treo-sat-tavipo\/","title":{"rendered":"Steel type"},"content":{"rendered":"<p><strong><b>PRODUCT OVERVIEW:<\/b><\/strong><\/p>\n<p>\"Tavipo\" is an upscale Vietnamese brand that specializes in providing plastic pots for ornamental trees and accessories for hanging pots. Today, Tavipo is pleased to present you the iron hangers.<\/p>\n<p><strong><b>Advantages of product:<\/b><\/strong><\/p>\n<ul>\n<li>Made of high-grade iron, sturdy and durable in long-term use. Smooth and environmentally safe surface, odorless, anti-rust and anti-corrosion.<\/li>\n<li>Usage instruction: Hangers can be used both indoors and outdoors, balconies, stairs, gardens, \u2026 Iron hooks are used to hang potted plants, flower baskets, lanterns, etc. to decorate and beautify the space. In addition, the iron hanger can also be bent to desired width depending on requirements.<\/li>\n<\/ul>\n<p><strong><b>SIZES: <\/b><\/strong>available in 4 sizes, that helps widen your choice.<\/p>\n<ul>\n<li>4 x 1.5 x 600 mm<\/li>\n<li>4 x 1.5 x 700 mm<\/li>\n<li>5 x 2.0 x 800 mm<\/li>\n<li>5 x 2.4 x 1000 mm<\/li>\n<\/ul>\n<p><strong><b>Usage instruction: <\/b><\/strong>d\u00f9ng \u0111\u1ec3 ch\u1ecbu l\u1ef1c treo c\u00e1c ch\u1eadu hoa,&#8230;.<\/p>\n<p><strong><b>Preserve:<\/b><\/strong><\/p>\n<ul>\n<li>Preserved in dry, cool area.<\/li>\n<li><b><\/b><strong><b>Warning:<\/b><\/strong>keep away from high heat.<\/li>\n<\/ul>\n<p><strong><b>CHANNELS FOR SHOPPING GENUINE TAVIPO PRODUCTS:<\/b><\/strong><\/p>\n<p>Hotline and zalo: 088 896 65 38<br \/>\nShop Online<\/p>\n<p>Fanpage:\u00a0<a href=\"https:\/\/www.facebook.com\/Tavipo-102861745340490\"><u>https:\/\/www.facebook.com\/Tavipo-102861745340490<\/u><\/a><\/p>\n<p><strong><b>TAVIPO BRAND:<\/b><\/strong><\/p>\n<p>\"Tavipo\" is an upscale Vietnamese brand that specializes in providing solutions of interior decoration for indoor and garden plants. The idea was originated from the founders of Khoi Viet Co., Ltd. Established in 1997 with the philosophy of  the pure and ethereal beauty of Vietnam that has brought into stunning plastic pot products from European luxurious designs to delicate colors, durable quality over time and particularly environmental-friendly.<\/p>","protected":false},"excerpt":{"rendered":"<p class=\" translation-block\">Tavipo iron hangers are an essential product for hanging pots since they have a sturdy construction made of hanging ropes that can sustain high forces and hold pots overhead without breaking or bumping, contributing to more colors, full of joy for green life.<\/p>","protected":false},"featured_media":3003,"comment_status":"open","ping_status":"closed","template":"","meta":{"om_disable_all_campaigns":false,"_monsterinsights_skip_tracking":false,"_monsterinsights_sitenote_active":false,"_monsterinsights_sitenote_note":"","_monsterinsights_sitenote_category":0,"_uf_show_specific_survey":0,"_uf_disable_surveys":false},"product_cat":[96],"product_tag":[],"class_list":["post-2564","product","type-product","status-publish","has-post-thumbnail","hentry","product_cat-nhom-moc-treo"],"aioseo_notices":[],"yoast_head":"<!-- This site is optimized with the Yoast SEO plugin v21.5 - https:\/\/yoast.com\/wordpress\/plugins\/seo\/ -->\n<title>M\u00f3c Treo S\u1eaft Tavipo - Tavipo<\/title>\n<meta name=\"robots\" content=\"index, follow, max-snippet:-1, max-image-preview:large, max-video-preview:-1\" \/>\n<link rel=\"canonical\" href=\"https:\/\/tavipo.vn\/en\/s\u1ea3n%20ph\u1ea9m\/moc-treo-sat-tavipo\/\" \/>\n<meta property=\"og:locale\" content=\"en_US\" \/>\n<meta property=\"og:type\" content=\"article\" \/>\n<meta property=\"og:title\" content=\"M\u00f3c Treo S\u1eaft Tavipo - Tavipo\" \/>\n<meta property=\"og:description\" content=\"S\u1ea3n ph\u1ea9m m\u00f3c treo Tavipo\u00a0l\u00e0 s\u1ea3n ph\u1ea9m kh\u00f4ng th\u1ec3 thi\u1ebfu cho c\u00e1c s\u1ea3n ph\u1ea9m ch\u1eadu treo v\u1edbi k\u1ebft c\u1ea5u ch\u1eafc ch\u1eafn t\u1eeb d\u00e2y treo s\u1ebd ch\u1ecbu l\u1ef1c t\u1ed1t \u00a0v\u00e0 gi\u1eef ch\u1eadu tr\u00ean cao m\u00e0 kh\u00f4ng b\u1ecb g\u1eaby hay b\u1ecb va \u0111\u1eadp g\u00f3p ph\u1ea7n t\u1ea1o th\u00eam th\u00eam m\u00e0u s\u1eafc v\u00e0 \u0111\u1ea7y s\u1ef1 t\u01b0\u01a1i vui cho cu\u1ed9c s\u1ed1ng xanh.\" \/>\n<meta property=\"og:url\" content=\"https:\/\/tavipo.vn\/en\/s\u1ea3n ph\u1ea9m\/moc-treo-sat-tavipo\/\" \/>\n<meta property=\"og:site_name\" content=\"Tavipo\" \/>\n<meta property=\"article:modified_time\" content=\"2021-10-24T16:53:25+00:00\" \/>\n<meta property=\"og:image\" content=\"https:\/\/tavipo.vn\/wp-content\/uploads\/2021\/10\/moc_treo_sat.png\" \/>\n\t<meta property=\"og:image:width\" content=\"511\" \/>\n\t<meta property=\"og:image:height\" content=\"511\" \/>\n\t<meta property=\"og:image:type\" content=\"image\/png\" \/>\n<meta name=\"twitter:card\" content=\"summary_large_image\" \/>\n<meta name=\"twitter:label1\" content=\"Est. reading time\" \/>\n\t<meta name=\"twitter:data1\" content=\"2 minutes\" \/>\n<script type=\"application\/ld+json\" class=\"yoast-schema-graph\">{\"@context\":\"https:\/\/schema.org\",\"@graph\":[{\"@type\":\"WebPage\",\"@id\":\"https:\/\/tavipo.vn\/s\u1ea3n ph\u1ea9m\/moc-treo-sat-tavipo\/\",\"url\":\"https:\/\/tavipo.vn\/s\u1ea3n ph\u1ea9m\/moc-treo-sat-tavipo\/\",\"name\":\"M\u00f3c Treo S\u1eaft Tavipo - Tavipo\",\"isPartOf\":{\"@id\":\"https:\/\/tavipo.vn\/#website\"},\"datePublished\":\"2021-07-31T09:45:43+00:00\",\"dateModified\":\"2021-10-24T16:53:25+00:00\",\"breadcrumb\":{\"@id\":\"https:\/\/tavipo.vn\/s\u1ea3n ph\u1ea9m\/moc-treo-sat-tavipo\/#breadcrumb\"},\"inLanguage\":\"en-US\",\"potentialAction\":[{\"@type\":\"ReadAction\",\"target\":[\"https:\/\/tavipo.vn\/s\u1ea3n ph\u1ea9m\/moc-treo-sat-tavipo\/\"]}]},{\"@type\":\"BreadcrumbList\",\"@id\":\"https:\/\/tavipo.vn\/s\u1ea3n ph\u1ea9m\/moc-treo-sat-tavipo\/#breadcrumb\",\"itemListElement\":[{\"@type\":\"ListItem\",\"position\":1,\"name\":\"Home\",\"item\":\"https:\/\/tavipo.vn\/\"},{\"@type\":\"ListItem\",\"position\":2,\"name\":\"C\u1eeda h\u00e0ng\",\"item\":\"https:\/\/tavipo.vn\/cua-hang\/\"},{\"@type\":\"ListItem\",\"position\":3,\"name\":\"M\u00f3c Treo S\u1eaft Tavipo\"}]},{\"@type\":\"WebSite\",\"@id\":\"https:\/\/tavipo.vn\/#website\",\"url\":\"https:\/\/tavipo.vn\/\",\"name\":\"Tavipo\",\"description\":\"M\u1ed9t trang web m\u1edbi s\u1eed d\u1ee5ng WordPress\",\"publisher\":{\"@id\":\"https:\/\/tavipo.vn\/#organization\"},\"potentialAction\":[{\"@type\":\"SearchAction\",\"target\":{\"@type\":\"EntryPoint\",\"urlTemplate\":\"https:\/\/tavipo.vn\/?s={search_term_string}\"},\"query-input\":\"required name=search_term_string\"}],\"inLanguage\":\"en-US\"},{\"@type\":\"Organization\",\"@id\":\"https:\/\/tavipo.vn\/#organization\",\"name\":\"Tavipo\",\"url\":\"https:\/\/tavipo.vn\/\",\"logo\":{\"@type\":\"ImageObject\",\"inLanguage\":\"en-US\",\"@id\":\"https:\/\/tavipo.vn\/#\/schema\/logo\/image\/\",\"url\":\"https:\/\/tavipo.vn\/wp-content\/uploads\/2021\/10\/cropped-logo_co_gan_khong_slogan-e1636260740882.png\",\"contentUrl\":\"https:\/\/tavipo.vn\/wp-content\/uploads\/2021\/10\/cropped-logo_co_gan_khong_slogan-e1636260740882.png\",\"width\":261,\"height\":77,\"caption\":\"Tavipo\"},\"image\":{\"@id\":\"https:\/\/tavipo.vn\/#\/schema\/logo\/image\/\"}}]}<\/script>\n<!-- \/ Yoast SEO plugin. -->","yoast_head_json":{"title":"M\u00f3c Treo S\u1eaft Tavipo - Tavipo","robots":{"index":"index","follow":"follow","max-snippet":"max-snippet:-1","max-image-preview":"max-image-preview:large","max-video-preview":"max-video-preview:-1"},"canonical":"https:\/\/tavipo.vn\/en\/s\u1ea3n ph\u1ea9m\/moc-treo-sat-tavipo\/","og_locale":"en_US","og_type":"article","og_title":"M\u00f3c Treo S\u1eaft Tavipo - Tavipo","og_description":"S\u1ea3n ph\u1ea9m m\u00f3c treo Tavipo\u00a0l\u00e0 s\u1ea3n ph\u1ea9m kh\u00f4ng th\u1ec3 thi\u1ebfu cho c\u00e1c s\u1ea3n ph\u1ea9m ch\u1eadu treo v\u1edbi k\u1ebft c\u1ea5u ch\u1eafc ch\u1eafn t\u1eeb d\u00e2y treo s\u1ebd ch\u1ecbu l\u1ef1c t\u1ed1t \u00a0v\u00e0 gi\u1eef ch\u1eadu tr\u00ean cao m\u00e0 kh\u00f4ng b\u1ecb g\u1eaby hay b\u1ecb va \u0111\u1eadp g\u00f3p ph\u1ea7n t\u1ea1o th\u00eam th\u00eam m\u00e0u s\u1eafc v\u00e0 \u0111\u1ea7y s\u1ef1 t\u01b0\u01a1i vui cho cu\u1ed9c s\u1ed1ng xanh.","og_url":"https:\/\/tavipo.vn\/en\/s\u1ea3n ph\u1ea9m\/moc-treo-sat-tavipo\/","og_site_name":"Tavipo","article_modified_time":"2021-10-24T16:53:25+00:00","og_image":[{"width":511,"height":511,"url":"https:\/\/tavipo.vn\/wp-content\/uploads\/2021\/10\/moc_treo_sat.png","type":"image\/png"}],"twitter_card":"summary_large_image","twitter_misc":{"Est. reading time":"2 minutes"},"schema":{"@context":"https:\/\/schema.org","@graph":[{"@type":"WebPage","@id":"https:\/\/tavipo.vn\/s\u1ea3n ph\u1ea9m\/moc-treo-sat-tavipo\/","url":"https:\/\/tavipo.vn\/s\u1ea3n ph\u1ea9m\/moc-treo-sat-tavipo\/","name":"M\u00f3c Treo S\u1eaft Tavipo - Tavipo","isPartOf":{"@id":"https:\/\/tavipo.vn\/#website"},"datePublished":"2021-07-31T09:45:43+00:00","dateModified":"2021-10-24T16:53:25+00:00","breadcrumb":{"@id":"https:\/\/tavipo.vn\/s\u1ea3n ph\u1ea9m\/moc-treo-sat-tavipo\/#breadcrumb"},"inLanguage":"en-US","potentialAction":[{"@type":"ReadAction","target":["https:\/\/tavipo.vn\/s\u1ea3n ph\u1ea9m\/moc-treo-sat-tavipo\/"]}]},{"@type":"BreadcrumbList","@id":"https:\/\/tavipo.vn\/s\u1ea3n ph\u1ea9m\/moc-treo-sat-tavipo\/#breadcrumb","itemListElement":[{"@type":"ListItem","position":1,"name":"Home","item":"https:\/\/tavipo.vn\/"},{"@type":"ListItem","position":2,"name":"C\u1eeda h\u00e0ng","item":"https:\/\/tavipo.vn\/cua-hang\/"},{"@type":"ListItem","position":3,"name":"M\u00f3c Treo S\u1eaft Tavipo"}]},{"@type":"WebSite","@id":"https:\/\/tavipo.vn\/#website","url":"https:\/\/tavipo.vn\/","name":"Tavipo","description":"M\u1ed9t trang web m\u1edbi s\u1eed d\u1ee5ng WordPress","publisher":{"@id":"https:\/\/tavipo.vn\/#organization"},"potentialAction":[{"@type":"SearchAction","target":{"@type":"EntryPoint","urlTemplate":"https:\/\/tavipo.vn\/?s={search_term_string}"},"query-input":"required name=search_term_string"}],"inLanguage":"en-US"},{"@type":"Organization","@id":"https:\/\/tavipo.vn\/#organization","name":"Tavipo","url":"https:\/\/tavipo.vn\/","logo":{"@type":"ImageObject","inLanguage":"en-US","@id":"https:\/\/tavipo.vn\/#\/schema\/logo\/image\/","url":"https:\/\/tavipo.vn\/wp-content\/uploads\/2021\/10\/cropped-logo_co_gan_khong_slogan-e1636260740882.png","contentUrl":"https:\/\/tavipo.vn\/wp-content\/uploads\/2021\/10\/cropped-logo_co_gan_khong_slogan-e1636260740882.png","width":261,"height":77,"caption":"Tavipo"},"image":{"@id":"https:\/\/tavipo.vn\/#\/schema\/logo\/image\/"}}]}},"_links":{"self":[{"href":"https:\/\/tavipo.vn\/en\/wp-json\/wp\/v2\/product\/2564","targetHints":{"allow":["GET"]}}],"collection":[{"href":"https:\/\/tavipo.vn\/en\/wp-json\/wp\/v2\/product"}],"about":[{"href":"https:\/\/tavipo.vn\/en\/wp-json\/wp\/v2\/types\/product"}],"replies":[{"embeddable":true,"href":"https:\/\/tavipo.vn\/en\/wp-json\/wp\/v2\/comments?post=2564"}],"wp:featuredmedia":[{"embeddable":true,"href":"https:\/\/tavipo.vn\/en\/wp-json\/wp\/v2\/media\/3003"}],"wp:attachment":[{"href":"https:\/\/tavipo.vn\/en\/wp-json\/wp\/v2\/media?parent=2564"}],"wp:term":[{"taxonomy":"product_cat","embeddable":true,"href":"https:\/\/tavipo.vn\/en\/wp-json\/wp\/v2\/product_cat?post=2564"},{"taxonomy":"product_tag","embeddable":true,"href":"https:\/\/tavipo.vn\/en\/wp-json\/wp\/v2\/product_tag?post=2564"}],"curies":[{"name":"wp","href":"https:\/\/api.w.org\/{rel}","templated":true}]}}